{"id":4892,"date":"2023-09-22T12:30:09","date_gmt":"2023-09-22T12:30:09","guid":{"rendered":"https:\/\/www.mecspebari.it\/?page_id=4892"},"modified":"2025-10-17T07:51:16","modified_gmt":"2025-10-17T07:51:16","slug":"piazza-tmp","status":"publish","type":"page","link":"https:\/\/www.mecspebari.it\/it\/piazza-tmp\/","title":{"rendered":"Piazza TMP"},"content":{"rendered":"[vc_row equal_height=&#8221;yes&#8221; el_class=&#8221;my-1&#8243;][vc_column width=&#8221;2\/3&#8243;][vc_row_inner equal_height=&#8221;yes&#8221; content_placement=&#8221;top&#8221;][vc_column_inner el_class=&#8221;py-lg-2 px-lg-5&#8243;][vc_column_text]\n<h3><strong>Piazza TMP<\/strong><\/h3>\n[\/vc_column_text][vc_text_separator title=&#8221;Padiglione 30&#8243; i_icon_fontawesome=&#8221;fas fa-map-marker-alt&#8221; i_color=&#8221;custom&#8221; i_background_style=&#8221;rounded&#8221; title_align=&#8221;separator_align_left&#8221; align=&#8221;align_left&#8221; color=&#8221;custom&#8221; add_icon=&#8221;true&#8221; i_custom_color=&#8221;#006838&#8243; accent_color=&#8221;#006838&#8243;][vc_column_text]\n<h4>L&#8217;importanza di partecipare a Mecspe Bari<\/h4>\n<p>L&#8217;Associazione Italiana Tecnici Materie Plastiche \u2013 <strong>TMP<\/strong> &#8211; ha un ruolo fondamentale nella promozione di una <strong>cultura della plastica<\/strong> in Italia. Dal 1979, il suo obiettivo \u00e8 informare e aggiornare i professionisti del settore su materiali, applicazioni, progettazione e nuove tecnologie e sostenibilit\u00e0, favorendo la loro crescita professionale. TMP si impegna, inoltre, a consolidare i rapporti tra i soci per migliorare il <strong>know-how<\/strong> del comparto. Questo impegno \u00e8 tradotto anche nella partecipazione alla <strong>fiera Mecspe di Bari<\/strong> con uno stand collettivo, denominato Piazza TMP, insieme ad aziende socie come <strong>Brescia Master,<\/strong> <strong>Negri Bossi, Frigosystem Corema <\/strong>e <strong>URAI<\/strong>.<\/p>\n<p>Per l\u2019associazione partecipare alla fiera \u00e8 cruciale per i seguenti motivi:<\/p>\n<p><strong>Ponte tra Nord e Sud<\/strong>: L&#8217;evento agisce come un <strong>ponte ideale<\/strong> per convogliare la domanda e l&#8217;offerta di tecnologie innovative e digitali. Sfruttando il dinamismo del Centro-Sud e del bacino del Mediterraneo, la fiera contribuisce a coinvolgere distretti in crescita che sono sensibili ai temi attuali del manifatturiero.<\/p>\n<p><strong>Innovazione e Digitalizzazione<\/strong>: La presenza di <strong>TMP<\/strong> e dei suoi soci in un unico spazio espositivo permette di mostrare un&#8217;offerta integrata che copre gran parte dell&#8217;intera filiera della plastica. Questo consente ai visitatori di toccare con mano le soluzioni pi\u00f9 avanzate per la <strong>digitalizzazione dell&#8217;impresa manifatturiera<\/strong>, dall&#8217;analisi dei materiali (URAI) alla produzione di presse (Negri Bossi), ai sistemi di controllo della temperatura (Frigosystem Corema), a master e additivi (Brescia Master).<\/p>\n<p><strong>Networking e Visibilit\u00e0:<\/strong> Uno stand comune aumenta la visibilit\u00e0 e l&#8217;impatto di tutti i partecipanti. I soci possono presentarsi come un ecosistema interconnesso, creando nuove opportunit\u00e0 di <strong>business e networking<\/strong> e rafforzando la loro posizione nel mercato.\u00a0 La fiera \u00e8 il luogo ideale per confrontarsi con i trend di mercato, incontrare nuovi clienti e consolidare i rapporti con quelli esistenti.[\/vc_column_text][vc_column_text]<a class=\"btn btn-lg btn-primary my-2\" href=\"\/it\/contatti\/\">Richiedi informazioni<\/a>[\/vc_column_text][vc_column_text]<em>In collaborazione con:\u00a0 \u00a0 \u00a0 \u00a0 \u00a0 \u00a0 \u00a0 \u00a0 \u00a0 \u00a0 \u00a0 \u00a0 \u00a0 \u00a0<\/em><\/p>\n<p><a href=\"https:\/\/www.associazionetmp.com\/\" target=\"_blank\" rel=\"noopener\"><img decoding=\"async\" loading=\"lazy\" class=\"alignleft wp-image-20169\" src=\"\/public\/uploads\/sites\/6\/TMP_40_ESECUTIVO-300x158.jpg\" alt=\"\" width=\"250\" height=\"131\" \/><\/a>[\/vc_column_text][\/vc_column_inner][\/vc_row_inner][vc_row_inner disable_element=&#8221;yes&#8221;][vc_column_inner][vc_column_text]Per la seconda volta, MECSPE torna a Bari con l\u2019obiettivo di porsi come trait d\u2019union tra gli operatori del settore manifatturiero attivi nel Sud Italia.<\/p>\n<p>Anche in questa occasione, come gi\u00e0 per il MECSPE tenutosi a Bologna lo scorso marzo, TMP partecipa attivamente con alcuni associati nella Piazza TMP, al fine di <strong>consolidare la relazione tra realt\u00e0 produttive nel settore della plastica<\/strong>, in un contesto che vede la presenza di importanti aziende non solo nell\u2019ambito automobilistico, ma anche nel ferroviario, robotico ed aerospaziale. L\u2019auspicio \u00e8 che si realizzi una sempre pi\u00f9 stretta ed ampia collaborazione tra le aziende del Nord, Centro e Sud Italia per mantenere la competitivit\u00e0 del nostro paese.<\/p>\n<p>Parteciperanno nella piazza aziende di stampaggio e costruzione stampi come <strong>Arte Plast<\/strong>, produttori e distributori di compound come <strong>Pick up<\/strong> e <strong>Dolder Massara<\/strong>, produttori di estrusori come F.lli Maris, produttori di materbatches colorati e additivi come <strong>Esseti Plast GD<\/strong> e <strong>Brescia Master<\/strong> e <strong>GreenChemicals<\/strong> azienda specializzata in formulazioni di ritardanti di fiamma e antiossidanti.[\/vc_column_text][\/vc_column_inner][\/vc_row_inner][\/vc_column][vc_column width=&#8221;1\/3&#8243;][vc_row_inner equal_height=&#8221;yes&#8221; content_placement=&#8221;top&#8221;][vc_column_inner el_class=&#8221;p-1 p-sm-3 p-lg-4 bg-darker&#8221;][vc_column_text]\n<h3>Programma<\/h3>\n[\/vc_column_text][vc_wp_custommenu nav_menu=&#8221;47&#8243;][\/vc_column_inner][\/vc_row_inner][\/vc_column][\/vc_row][vc_row][vc_column][vc_empty_space][vc_column_text]\n<p style=\"text-align: center\"><em>Partner della piazza TMP<\/em><\/p>\n[\/vc_column_text][vc_separator][vc_row_inner][vc_column_inner width=&#8221;1\/4&#8243;][vc_single_image image=&#8221;7859&#8243; img_size=&#8221;medium&#8221; alignment=&#8221;center&#8221; onclick=&#8221;custom_link&#8221; img_link_target=&#8221;_blank&#8221; link=&#8221;https:\/\/www.bresciamaster.it\/&#8221;][\/vc_column_inner][vc_column_inner width=&#8221;1\/4&#8243;][vc_single_image image=&#8221;7754&#8243; img_size=&#8221;medium&#8221; alignment=&#8221;center&#8221; onclick=&#8221;custom_link&#8221; img_link_target=&#8221;_blank&#8221; link=&#8221;https:\/\/www.frigosystem.it\/&#8221;][\/vc_column_inner][vc_column_inner width=&#8221;1\/4&#8243;][vc_single_image image=&#8221;7756&#8243; img_size=&#8221;medium&#8221; alignment=&#8221;center&#8221; onclick=&#8221;custom_link&#8221; img_link_target=&#8221;_blank&#8221; link=&#8221;https:\/\/www.negribossi.com\/it\/&#8221;][\/vc_column_inner][vc_column_inner width=&#8221;1\/4&#8243;][vc_single_image image=&#8221;7864&#8243; img_size=&#8221;medium&#8221; alignment=&#8221;center&#8221; onclick=&#8221;custom_link&#8221; img_link_target=&#8221;_blank&#8221; link=&#8221;https:\/\/www.ultrasystem.ch\/index.php\/it\/&#8221;][\/vc_column_inner][\/vc_row_inner][vc_row_inner][vc_column_inner width=&#8221;1\/4&#8243;][vc_single_image image=&#8221;7758&#8243; img_size=&#8221;medium&#8221; alignment=&#8221;center&#8221; onclick=&#8221;custom_link&#8221; img_link_target=&#8221;_blank&#8221; link=&#8221;https:\/\/www.urai.it\/&#8221;][\/vc_column_inner][vc_column_inner width=&#8221;1\/4&#8243;][\/vc_column_inner][vc_column_inner width=&#8221;1\/4&#8243;][\/vc_column_inner][vc_column_inner width=&#8221;1\/4&#8243;][\/vc_column_inner][\/vc_row_inner][vc_row_inner disable_element=&#8221;yes&#8221;][vc_column_inner width=&#8221;1\/4&#8243;][vc_single_image image=&#8221;5052&#8243; img_size=&#8221;medium&#8221; alignment=&#8221;center&#8221; onclick=&#8221;custom_link&#8221; img_link_target=&#8221;_blank&#8221; link=&#8221;https:\/\/www.arteplast.it\/&#8221;][\/vc_column_inner][vc_column_inner width=&#8221;1\/4&#8243;][vc_single_image image=&#8221;5054&#8243; img_size=&#8221;medium&#8221; alignment=&#8221;center&#8221; onclick=&#8221;custom_link&#8221; img_link_target=&#8221;_blank&#8221; link=&#8221;http:\/\/www.bresciamaster.it\/&#8221;][\/vc_column_inner][vc_column_inner width=&#8221;1\/4&#8243;][vc_single_image image=&#8221;5056&#8243; img_size=&#8221;medium&#8221; alignment=&#8221;center&#8221; onclick=&#8221;custom_link&#8221; img_link_target=&#8221;_blank&#8221; link=&#8221;https:\/\/www.dolder.com\/it\/sedi\/dolder-massara-italy\/&#8221;][\/vc_column_inner][vc_column_inner width=&#8221;1\/4&#8243;][vc_single_image image=&#8221;5058&#8243; img_size=&#8221;medium&#8221; alignment=&#8221;center&#8221; onclick=&#8221;custom_link&#8221; img_link_target=&#8221;_blank&#8221; link=&#8221;https:\/\/www.essetiplast.com\/it&#8221;][\/vc_column_inner][\/vc_row_inner][vc_row_inner disable_element=&#8221;yes&#8221;][vc_column_inner width=&#8221;1\/5&#8243;][\/vc_column_inner][vc_column_inner width=&#8221;1\/5&#8243;][vc_single_image image=&#8221;5060&#8243; img_size=&#8221;medium&#8221; alignment=&#8221;center&#8221; onclick=&#8221;custom_link&#8221; img_link_target=&#8221;_blank&#8221; link=&#8221;https:\/\/greenchemicals.eu\/it\/&#8221;][\/vc_column_inner][vc_column_inner width=&#8221;1\/5&#8243;][vc_single_image image=&#8221;5062&#8243; img_size=&#8221;medium&#8221; alignment=&#8221;center&#8221; onclick=&#8221;custom_link&#8221; img_link_target=&#8221;_blank&#8221; link=&#8221;https:\/\/www.mariscorp.com\/&#8221;][\/vc_column_inner][vc_column_inner width=&#8221;1\/5&#8243;][vc_single_image image=&#8221;5064&#8243; img_size=&#8221;medium&#8221; alignment=&#8221;center&#8221; onclick=&#8221;custom_link&#8221; img_link_target=&#8221;_blank&#8221; link=&#8221;https:\/\/pick-upsrl.it\/&#8221;][\/vc_column_inner][vc_column_inner width=&#8221;1\/5&#8243;][\/vc_column_inner][\/vc_row_inner][\/vc_column][\/vc_row][vc_row][vc_column][vc_empty_space][vc_column_text]\n<p style=\"text-align: center\"><em>Media Partner<\/em><\/p>\n[\/vc_column_text][vc_separator][vc_row_inner][vc_column_inner width=&#8221;1\/3&#8243;][\/vc_column_inner][vc_column_inner width=&#8221;1\/3&#8243;][vc_single_image image=&#8221;5240&#8243; img_size=&#8221;medium&#8221; alignment=&#8221;center&#8221; onclick=&#8221;custom_link&#8221; img_link_target=&#8221;_blank&#8221;][\/vc_column_inner][vc_column_inner width=&#8221;1\/3&#8243;][\/vc_column_inner][\/vc_row_inner][\/vc_column][\/vc_row][vc_row][vc_column][vc_empty_space][vc_text_separator title=&#8221;La voce degli espositori&#8221;][vc_row_inner][vc_column_inner width=&#8221;1\/4&#8243;][\/vc_column_inner][vc_column_inner width=&#8221;1\/4&#8243;][vc_video link=&#8221;https:\/\/youtu.be\/ArvkMakui-4&#8243; el_width=&#8221;90&#8243; align=&#8221;center&#8221;][vc_column_text]\n<p style=\"text-align: center\"><strong>Alan Catturini &#8211; TMP<\/strong><\/p>\n[\/vc_column_text][\/vc_column_inner][vc_column_inner width=&#8221;1\/4&#8243;][vc_video link=&#8221;https:\/\/youtu.be\/i8kJW6kvKqU&#8221; el_width=&#8221;90&#8243; align=&#8221;center&#8221;][vc_column_text]\n<p style=\"text-align: center\"><strong>Riccardo Galeazzi &#8211; RADICI NOVACIPS<\/strong><\/p>\n[\/vc_column_text][\/vc_column_inner][vc_column_inner width=&#8221;1\/4&#8243;][\/vc_column_inner][\/vc_row_inner][\/vc_column][\/vc_row]\n","protected":false},"excerpt":{"rendered":"<p>[vc_row equal_height=&#8221;yes&#8221; el_class=&#8221;my-1&#8243;][vc_column width=&#8221;2\/3&#8243;][vc_row_inner equal_height=&#8221;yes&#8221; content_placement=&#8221;top&#8221;][vc_column_inner el_class=&#8221;py-lg-2 px-lg-5&#8243;][vc_column_text] Piazza TMP [\/vc_column_text][vc_text_separator title=&#8221;Padiglione 30&#8243; i_icon_fontawesome=&#8221;fas fa-map-marker-alt&#8221; i_color=&#8221;custom&#8221; i_background_style=&#8221;rounded&#8221; title_align=&#8221;separator_align_left&#8221; align=&#8221;align_left&#8221; color=&#8221;custom&#8221; add_icon=&#8221;true&#8221; i_custom_color=&#8221;#006838&#8243; accent_color=&#8221;#006838&#8243;][vc_column_text] L&#8217;importanza di partecipare a Mecspe Bari L&#8217;Associazione Italiana Tecnici Materie Plastiche \u2013 TMP &#8211; ha un ruolo fondamentale nella promozione di una cultura della plastica in Italia. Dal 1979, il suo obiettivo [&hellip;]<\/p>\n","protected":false},"author":33,"featured_media":4895,"parent":0,"menu_order":0,"comment_status":"closed","ping_status":"closed","template":"","meta":[],"acf":[],"aioseo_notices":[],"_links":{"self":[{"href":"https:\/\/www.mecspebari.it\/it\/wp-json\/wp\/v2\/pages\/4892"}],"collection":[{"href":"https:\/\/www.mecspebari.it\/it\/wp-json\/wp\/v2\/pages"}],"about":[{"href":"https:\/\/www.mecspebari.it\/it\/wp-json\/wp\/v2\/types\/page"}],"author":[{"embeddable":true,"href":"https:\/\/www.mecspebari.it\/it\/wp-json\/wp\/v2\/users\/33"}],"replies":[{"embeddable":true,"href":"https:\/\/www.mecspebari.it\/it\/wp-json\/wp\/v2\/comments?post=4892"}],"version-history":[{"count":3,"href":"https:\/\/www.mecspebari.it\/it\/wp-json\/wp\/v2\/pages\/4892\/revisions"}],"predecessor-version":[{"id":8174,"href":"https:\/\/www.mecspebari.it\/it\/wp-json\/wp\/v2\/pages\/4892\/revisions\/8174"}],"wp:featuredmedia":[{"embeddable":true,"href":"https:\/\/www.mecspebari.it\/it\/wp-json\/wp\/v2\/media\/4895"}],"wp:attachment":[{"href":"https:\/\/www.mecspebari.it\/it\/wp-json\/wp\/v2\/media?parent=4892"}],"curies":[{"name":"wp","href":"https:\/\/api.w.org\/{rel}","templated":true}]}}