{"id":4033,"date":"2023-07-20T12:22:42","date_gmt":"2023-07-20T12:22:42","guid":{"rendered":"https:\/\/www.mecspebari.it\/?page_id=4033"},"modified":"2025-11-06T09:24:11","modified_gmt":"2025-11-06T09:24:11","slug":"aidam","status":"publish","type":"page","link":"https:\/\/www.mecspebari.it\/it\/aidam\/","title":{"rendered":"AIDAM"},"content":{"rendered":"[vc_row equal_height=&#8221;yes&#8221; el_class=&#8221;my-1&#8243;][vc_column][vc_row_inner equal_height=&#8221;yes&#8221; content_placement=&#8221;top&#8221;][vc_column_inner el_class=&#8221;py-lg-2 px-lg-5&#8243; width=&#8221;2\/3&#8243;][vc_column_text]\n<h3>AIDAM<\/h3>\n[\/vc_column_text][vc_text_separator title=&#8221;Padiglione 30&#8243; i_icon_fontawesome=&#8221;fas fa-map-marker-alt&#8221; i_color=&#8221;custom&#8221; i_background_style=&#8221;rounded&#8221; title_align=&#8221;separator_align_left&#8221; align=&#8221;align_left&#8221; color=&#8221;custom&#8221; add_icon=&#8221;true&#8221; accent_color=&#8221;#006838&#8243; i_custom_color=&#8221;#006838&#8243;][vc_column_text]<b>AIDAM \u2013 Associazione Italiana di Automazione Meccatronica<\/b> \u2013 \u00e8 l\u2019associazione che da 25 anni rappresenta l\u2019intera filiera dell\u2019Automazione e della Meccatronica. Con oltre 90 aziende associate, AIDAM valorizza il settore, crea sinergie tra aziende della filiera e funge da ponte <b>con i poli di ricerca e di sviluppo culturale del settore<\/b>\u00a0tramite i numerosi progetti in ambito education.<\/p>\n<p>Grazie alla collaborazione attiva e continua tra l&#8217;associazione e MECSPE, anche in questa edizione AIDAM presenter\u00e0 all\u2019interno di MECSPE un\u2019<b>area tecnologica fortemente innovativa<\/b>\u00a0in rappresentanza del comparto della meccatronica italiana, seconda come posizione nella classifica mondiale del settore.<\/p>\n<p>Gli Associati presenteranno le\u00a0<b>tecnologie<\/b>\u00a0e le\u00a0<b>applicazioni legate all\u2019industria 5.0<\/b>\u00a0per tutti i settori produttivi, dai robot alle macchine speciali, dai componenti ai sistemi di visone artificiale.[\/vc_column_text][vc_column_text]<a class=\"btn btn-lg btn-primary my-1\" href=\"https:\/\/www.mecspebari.it\/it\/contatti\">Richiedi informazioni<\/a>[\/vc_column_text][\/vc_column_inner][vc_column_inner el_class=&#8221;p-1 p-sm-3 p-lg-4 bg-darker&#8221; width=&#8221;1\/3&#8243;][vc_column_text]\n<h3 class=\"mt-0\">Programma<\/h3>\n[\/vc_column_text][vc_wp_custommenu nav_menu=&#8221;47&#8243;][\/vc_column_inner][\/vc_row_inner][\/vc_column][\/vc_row][vc_row el_class=&#8221;py-lg-2 px-lg-5&#8243;][vc_column][vc_column_text]\n<p style=\"text-align: left\"><em>In collaborazione con<\/em><\/p>\n[\/vc_column_text][vc_separator][vc_row_inner][vc_column_inner width=&#8221;1\/3&#8243;][\/vc_column_inner][vc_column_inner width=&#8221;1\/3&#8243;][vc_single_image image=&#8221;5514&#8243; img_size=&#8221;medium&#8221; alignment=&#8221;center&#8221; onclick=&#8221;custom_link&#8221;][\/vc_column_inner][vc_column_inner width=&#8221;1\/3&#8243;][\/vc_column_inner][\/vc_row_inner][vc_column_text]<em>Aziende Partner<\/em>[\/vc_column_text][vc_separator][vc_row_inner][vc_column_inner width=&#8221;1\/4&#8243;][vc_single_image image=&#8221;7938&#8243; img_size=&#8221;medium&#8221; alignment=&#8221;center&#8221; onclick=&#8221;custom_link&#8221;][\/vc_column_inner][vc_column_inner width=&#8221;1\/4&#8243;][vc_single_image image=&#8221;7940&#8243; img_size=&#8221;medium&#8221; alignment=&#8221;center&#8221; onclick=&#8221;custom_link&#8221;][\/vc_column_inner][vc_column_inner width=&#8221;1\/4&#8243;][vc_single_image image=&#8221;7942&#8243; img_size=&#8221;medium&#8221; alignment=&#8221;center&#8221; onclick=&#8221;custom_link&#8221;][\/vc_column_inner][vc_column_inner width=&#8221;1\/4&#8243;][vc_single_image image=&#8221;8092&#8243; img_size=&#8221;medium&#8221; alignment=&#8221;center&#8221; onclick=&#8221;custom_link&#8221;][\/vc_column_inner][\/vc_row_inner][vc_row_inner disable_element=&#8221;yes&#8221;][vc_column_inner width=&#8221;1\/6&#8243;][vc_single_image image=&#8221;5904&#8243; img_size=&#8221;medium&#8221; onclick=&#8221;custom_link&#8221;][\/vc_column_inner][vc_column_inner width=&#8221;1\/6&#8243;][vc_single_image image=&#8221;5906&#8243; img_size=&#8221;medium&#8221; onclick=&#8221;custom_link&#8221;][\/vc_column_inner][vc_column_inner width=&#8221;1\/6&#8243;][vc_single_image image=&#8221;5517&#8243; img_size=&#8221;medium&#8221; onclick=&#8221;custom_link&#8221;][\/vc_column_inner][vc_column_inner width=&#8221;1\/6&#8243;][vc_single_image image=&#8221;5611&#8243; img_size=&#8221;medium&#8221; onclick=&#8221;custom_link&#8221;][\/vc_column_inner][vc_column_inner width=&#8221;1\/6&#8243;][vc_single_image image=&#8221;5330&#8243; img_size=&#8221;medium&#8221; onclick=&#8221;custom_link&#8221;][\/vc_column_inner][vc_column_inner width=&#8221;1\/6&#8243;][vc_single_image image=&#8221;5519&#8243; img_size=&#8221;medium&#8221; onclick=&#8221;custom_link&#8221;][\/vc_column_inner][\/vc_row_inner][vc_row_inner disable_element=&#8221;yes&#8221;][vc_column_inner width=&#8221;1\/6&#8243;][vc_single_image image=&#8221;5521&#8243; img_size=&#8221;medium&#8221; onclick=&#8221;custom_link&#8221;][\/vc_column_inner][vc_column_inner width=&#8221;1\/6&#8243;][vc_single_image image=&#8221;5557&#8243; img_size=&#8221;medium&#8221; onclick=&#8221;custom_link&#8221;][\/vc_column_inner][vc_column_inner width=&#8221;1\/6&#8243;][vc_single_image image=&#8221;5523&#8243; img_size=&#8221;medium&#8221; onclick=&#8221;custom_link&#8221;][\/vc_column_inner][vc_column_inner width=&#8221;1\/6&#8243;][vc_single_image image=&#8221;5525&#8243; img_size=&#8221;medium&#8221; onclick=&#8221;custom_link&#8221;][\/vc_column_inner][vc_column_inner width=&#8221;1\/6&#8243;][vc_single_image image=&#8221;5527&#8243; img_size=&#8221;medium&#8221; onclick=&#8221;custom_link&#8221;][\/vc_column_inner][vc_column_inner width=&#8221;1\/6&#8243;][\/vc_column_inner][\/vc_row_inner][\/vc_column][\/vc_row][vc_row][vc_column][vc_separator][vc_row_inner][vc_column_inner width=&#8221;1\/6&#8243;][\/vc_column_inner][vc_column_inner width=&#8221;2\/3&#8243;][vc_column_text]\n<h4 style=\"text-align: center\">La parola a Raffaele Barile, Presidente AIdAM<\/h4>\n[\/vc_column_text][\/vc_column_inner][vc_column_inner width=&#8221;1\/6&#8243;][\/vc_column_inner][\/vc_row_inner][vc_row_inner][vc_column_inner width=&#8221;1\/3&#8243;][vc_single_image image=&#8221;7968&#8243; alignment=&#8221;center&#8221; style=&#8221;vc_box_circle&#8221;][\/vc_column_inner][vc_column_inner width=&#8221;2\/3&#8243;][vc_column_text]&#8221;AIdAM, Associazione Italiana di Automazione Meccatronica, ha scelto orgogliosamente di tornare a MECSPE Bari con diversi Associati per rappresentare l\u2019automazione italiana in questo importante appuntamento. Il nostro obiettivo \u00e8 far conoscere le tecnologie pi\u00f9 innovative del nostro settore a tutti coloro che visiteranno la fiera, aperta sempre pi\u00f9 a mercati di interesse come il Nord Africa e il Sud Est Europa e non solo. Invitiamo tutti a visitarci anche solo per un confronto e per toccare con mano i progetti in corso.&#8221;[\/vc_column_text][\/vc_column_inner][\/vc_row_inner][vc_separator][\/vc_column][\/vc_row]\n","protected":false},"excerpt":{"rendered":"<p>[vc_row equal_height=&#8221;yes&#8221; el_class=&#8221;my-1&#8243;][vc_column][vc_row_inner equal_height=&#8221;yes&#8221; content_placement=&#8221;top&#8221;][vc_column_inner el_class=&#8221;py-lg-2 px-lg-5&#8243; width=&#8221;2\/3&#8243;][vc_column_text] AIDAM [\/vc_column_text][vc_text_separator title=&#8221;Padiglione 30&#8243; i_icon_fontawesome=&#8221;fas fa-map-marker-alt&#8221; i_color=&#8221;custom&#8221; i_background_style=&#8221;rounded&#8221; title_align=&#8221;separator_align_left&#8221; align=&#8221;align_left&#8221; color=&#8221;custom&#8221; add_icon=&#8221;true&#8221; accent_color=&#8221;#006838&#8243; i_custom_color=&#8221;#006838&#8243;][vc_column_text]AIDAM \u2013 Associazione Italiana di Automazione Meccatronica \u2013 \u00e8 l\u2019associazione che da 25 anni rappresenta l\u2019intera filiera dell\u2019Automazione e della Meccatronica. Con oltre 90 aziende associate, AIDAM valorizza il settore, crea sinergie tra aziende [&hellip;]<\/p>\n","protected":false},"author":12,"featured_media":5619,"parent":0,"menu_order":0,"comment_status":"closed","ping_status":"closed","template":"","meta":[],"acf":[],"aioseo_notices":[],"_links":{"self":[{"href":"https:\/\/www.mecspebari.it\/it\/wp-json\/wp\/v2\/pages\/4033"}],"collection":[{"href":"https:\/\/www.mecspebari.it\/it\/wp-json\/wp\/v2\/pages"}],"about":[{"href":"https:\/\/www.mecspebari.it\/it\/wp-json\/wp\/v2\/types\/page"}],"author":[{"embeddable":true,"href":"https:\/\/www.mecspebari.it\/it\/wp-json\/wp\/v2\/users\/12"}],"replies":[{"embeddable":true,"href":"https:\/\/www.mecspebari.it\/it\/wp-json\/wp\/v2\/comments?post=4033"}],"version-history":[{"count":4,"href":"https:\/\/www.mecspebari.it\/it\/wp-json\/wp\/v2\/pages\/4033\/revisions"}],"predecessor-version":[{"id":8561,"href":"https:\/\/www.mecspebari.it\/it\/wp-json\/wp\/v2\/pages\/4033\/revisions\/8561"}],"wp:featuredmedia":[{"embeddable":true,"href":"https:\/\/www.mecspebari.it\/it\/wp-json\/wp\/v2\/media\/5619"}],"wp:attachment":[{"href":"https:\/\/www.mecspebari.it\/it\/wp-json\/wp\/v2\/media?parent=4033"}],"curies":[{"name":"wp","href":"https:\/\/api.w.org\/{rel}","templated":true}]}}