{"id":3842,"date":"2023-07-05T16:04:54","date_gmt":"2023-07-05T16:04:54","guid":{"rendered":"https:\/\/www.mecspebari.it\/?page_id=3842"},"modified":"2025-09-19T12:24:10","modified_gmt":"2025-09-19T12:24:10","slug":"opinione-visitatori","status":"publish","type":"page","link":"https:\/\/www.mecspebari.it\/it\/opinione-visitatori\/","title":{"rendered":"Opinione visitatori"},"content":{"rendered":"[vc_row equal_height=&#8221;yes&#8221; el_class=&#8221;my-1&#8243;][vc_column][vc_row_inner equal_height=&#8221;yes&#8221; content_placement=&#8221;top&#8221;][vc_column_inner el_class=&#8221;py-lg-2 px-lg-5&#8243; width=&#8221;2\/3&#8243;][vc_column_text]\n<h3>I nostri visitatori percepiscono la fiera come una\u202fconcreta occasione\u202fper valutare le novit\u00e0 del mercato, aggiornarsi su tematiche rilevanti e di attualit\u00e0, fare networking e incontrare nuovi fornitori.<\/h3>\n[\/vc_column_text][vc_column_text]<span style=\"color: #006838;font-size: 28px;line-height: 36px;font-weight: bold\">79,5% <\/span>partecipa per conoscere le <strong>novit\u00e0 del mercato<\/strong>, per <strong>informarsi<\/strong> su <strong>prodotti e servizi<\/strong><\/p>\n<p><span style=\"color: #006838;font-size: 28px;line-height: 36px;font-weight: bold\">49,9%<\/span> partecipa per <strong>trovare<\/strong> e <strong>visitare fornitori<\/strong><\/p>\n<p><span style=\"color: #006838;font-size: 28px;line-height: 36px;font-weight: bold\">45,3%<\/span> <span class=\"NormalTextRun SCXW198562572 BCX9\">partecipa per svolgere <strong>attivit\u00e0 di<\/strong><\/span><span class=\"NormalTextRun SCXW198562572 BCX9\"><strong> formazione<\/strong> e<strong> aggiornamento tecnico<\/strong><\/span>[\/vc_column_text][vc_empty_space][vc_column_text]\n<h6><span style=\"color: #006838;font-size: 26px\"><em>Essere presenti come espositori significa incontrare le richieste del mercato nello stesso posto e in unico momento! <\/em><\/span><\/h6>\n[\/vc_column_text][vc_column_text]<a class=\"btn btn-lg btn-primary my-1\" href=\"https:\/\/www.mecspebari.it\/it\/ticket\/\">Biglietto Omaggio<\/a>[\/vc_column_text][vc_column_text]\n<p style=\"text-align: right;font-size: 12px\"><em>*Dati relativi alla <strong>customer satisfaction<\/strong> di MECSPE Bari 2023\u00a0\u00a0<\/em><\/p>\n[\/vc_column_text][\/vc_column_inner][vc_column_inner el_class=&#8221;p-1 p-sm-3 p-lg-4 bg-darker&#8221; width=&#8221;1\/3&#8243; offset=&#8221;vc_hidden-sm vc_hidden-xs&#8221;][vc_column_text]\n<h3 class=\"mt-0\">Espositori<\/h3>\n[\/vc_column_text][vc_wp_custommenu nav_menu=&#8221;4&#8243;][\/vc_column_inner][\/vc_row_inner][\/vc_column][\/vc_row][vc_row equal_height=&#8221;yes&#8221; el_class=&#8221;my-1 bg-gray&#8221;][vc_column css=&#8221;.vc_custom_1521217825246{padding-top: 0px !important;}&#8221;][vc_row_inner equal_height=&#8221;yes&#8221; content_placement=&#8221;middle&#8221;][vc_column_inner el_class=&#8221;py-lg-2 px-lg-5&#8243;][vc_column_text]\n<div class=\"wpb_text_column wpb_content_element \">\n<div class=\"wpb_wrapper\">\n<h3 style=\"text-align: center\"><b>Esperienze e feedback dei professionisti che hanno visitato la precedente edizione barese di MECSPE<\/b><\/h3>\n<\/div>\n<\/div>\n[\/vc_column_text][vc_text_separator title=&#8221;Ecco alcune testimonianze che evidenziano il riscontro del pubblico alle precedenti edizioni.&#8221;][\/vc_column_inner][\/vc_row_inner][vc_row_inner equal_height=&#8221;yes&#8221; content_placement=&#8221;middle&#8221;][vc_column_inner el_class=&#8221;py-lg-2 px-lg-5&#8243; width=&#8221;1\/4&#8243;][vc_column_text css_animation=&#8221;fadeIn&#8221;]\n<p style=\"text-align: center\"><span style=\"font-weight: bold;font-style: italic;font-size: 14px;line-height: 20px\">\u00abUn&#8217;ottima occasione e momento di incontro tra offerta e domanda, fuori dagli schemi abituali\u00bb<br \/>\n<\/span><span style=\"font-size: 14px;line-height: 20px;color: #808080\">Gianbattista C.<\/span>[\/vc_column_text][\/vc_column_inner][vc_column_inner el_class=&#8221;py-lg-2 px-lg-5&#8243; width=&#8221;1\/4&#8243;][vc_column_text css_animation=&#8221;fadeIn&#8221;]\n<p style=\"text-align: center\"><span style=\"font-weight: bold;font-style: italic;font-size: 14px;line-height: 20px\">\u00abSe la tua realt\u00e0 aziendale vuoi far decollare al MECSPE devi andare\u00bb<br \/>\n<\/span><span style=\"font-size: 14px;line-height: 20px;color: #808080\">Giancarlo C. &#8211; Tecnico<\/span>[\/vc_column_text][\/vc_column_inner][vc_column_inner el_class=&#8221;py-lg-2 px-lg-5&#8243; width=&#8221;1\/4&#8243;][vc_column_text css_animation=&#8221;fadeIn&#8221;]\n<p style=\"text-align: center\"><span style=\"font-weight: bold;font-style: italic;font-size: 14px;line-height: 20px\">\u00abUn evento unico al SUD ITALIA di interesse INTERNAZIONALE, FONDAMENTALE per ogni azienda\/impresa che vuole continuare a migliorare il proprio processo produttivo \u00bb<br \/>\n<\/span><span style=\"font-size: 14px;line-height: 20px;color: #808080\">Stefano C. &#8211; Tecnico<\/span>[\/vc_column_text][\/vc_column_inner][vc_column_inner el_class=&#8221;py-lg-2 px-lg-5&#8243; width=&#8221;1\/4&#8243;][vc_column_text css_animation=&#8221;fadeIn&#8221;]\n<p style=\"text-align: center\"><span style=\"font-weight: bold;font-style: italic;font-size: 14px;line-height: 20px\">\u00abIl MECSPE a Bari andrebbe vissuto per capire determinate dinamiche commerciali e relazionali tipiche dell&#8217;area meridionale\u00bb<br \/>\n<\/span><span style=\"font-size: 14px;line-height: 20px;color: #808080\">Francesco D. &#8211; Titolare<\/span>[\/vc_column_text][\/vc_column_inner][\/vc_row_inner][vc_separator css_animation=&#8221;none&#8221;][vc_row_inner equal_height=&#8221;yes&#8221; content_placement=&#8221;middle&#8221;][vc_column_inner el_class=&#8221;py-lg-2 px-lg-5&#8243; width=&#8221;1\/4&#8243;][vc_column_text css_animation=&#8221;fadeIn&#8221;]\n<p style=\"text-align: center\"><span style=\"font-weight: bold;font-style: italic;font-size: 14px;line-height: 20px\">\u00abManifestazione di grande rilievo, che ha permesso a molti operatori dei settori interessati, ed anche al mondo scolastico ed accademico, di confrontarsi con le tecnologie e la ricerca ad esse collegata\u00bb<br \/>\n<\/span><span style=\"font-size: 14px;line-height: 20px;color: #808080\">Luigi L. &#8211; Marketing <\/span>[\/vc_column_text][\/vc_column_inner][vc_column_inner el_class=&#8221;py-lg-2 px-lg-5&#8243; width=&#8221;1\/4&#8243;][vc_column_text css_animation=&#8221;fadeIn&#8221;]\n<p style=\"text-align: center\"><span style=\"font-weight: bold;font-style: italic;font-size: 14px;line-height: 20px\">\u00abIniziative cos\u00ec, al sud Italia, si dovrebbero fare pi\u00f9 spesso, perch\u00e9 ci aiutano a crescere sia mentalmente che professionalmente\u00bb<br \/>\n<\/span><span style=\"font-size: 14px;line-height: 20px;color: #808080\">Roberto I. &#8211; Titolare<\/span>[\/vc_column_text][\/vc_column_inner][vc_column_inner el_class=&#8221;py-lg-2 px-lg-5&#8243; width=&#8221;1\/4&#8243;][vc_column_text css_animation=&#8221;fadeIn&#8221;]\n<p style=\"text-align: center\"><span style=\"font-weight: bold;font-style: italic;font-size: 14px;line-height: 20px\">\u00abA MECSPE Bari \u00e8 stato possibile davvero toccare con mano le tecnologie digitali applicate alla produzione industriale!\u00bb<br \/>\n<\/span><span style=\"font-size: 14px;line-height: 20px;color: #808080\">Michele F. &#8211; Tecnico<\/span>[\/vc_column_text][\/vc_column_inner][vc_column_inner el_class=&#8221;py-lg-2 px-lg-5&#8243; width=&#8221;1\/4&#8243;][vc_column_text css_animation=&#8221;fadeIn&#8221;]\n<p style=\"text-align: center\"><span style=\"font-weight: bold;font-style: italic;font-size: 14px;line-height: 20px\">\u00abAppuntamento importante per essere informato sulle novit\u00e0 applicative del settore edilizia e ottimi spunti grazie alle attivit\u00e0 dimostrative di formazione\u00bb<br \/>\n<\/span><span style=\"font-size: 14px;line-height: 20px;color: #808080\">Fausto E. &#8211; Posatore<\/span>[\/vc_column_text][\/vc_column_inner][\/vc_row_inner][vc_separator css_animation=&#8221;none&#8221;][vc_row_inner equal_height=&#8221;yes&#8221; content_placement=&#8221;middle&#8221;][vc_column_inner el_class=&#8221;py-lg-2 px-lg-5&#8243; width=&#8221;1\/4&#8243;][vc_column_text css_animation=&#8221;fadeIn&#8221;]\n<p style=\"text-align: center\"><span style=\"font-weight: bold;font-style: italic;font-size: 14px;line-height: 20px\">\u00abLa meccanica della conoscenza\u00bb<br \/>\n<\/span><span style=\"font-size: 14px;line-height: 20px;color: #808080\">Spiridione G. &#8211; Tecnico<\/span>[\/vc_column_text][\/vc_column_inner][vc_column_inner el_class=&#8221;py-lg-2 px-lg-5&#8243; width=&#8221;1\/4&#8243;][vc_column_text css_animation=&#8221;fadeIn&#8221;]\n<p style=\"text-align: center\"><span style=\"font-weight: bold;font-style: italic;font-size: 14px;line-height: 20px\">\u00abMECSPE Bari la porta del mediterraneo anche per la meccanica\u00bb<br \/>\n<\/span><span style=\"font-size: 14px;line-height: 20px;color: #808080\">Enzo F.<\/span>[\/vc_column_text][\/vc_column_inner][vc_column_inner el_class=&#8221;py-lg-2 px-lg-5&#8243; width=&#8221;1\/4&#8243;][vc_column_text css_animation=&#8221;fadeIn&#8221;]\n<p style=\"text-align: center\"><span style=\"font-weight: bold;font-style: italic;font-size: 14px;line-height: 20px\">\u00abMECSPE BARI \u00e8 la dimostrazione del SUD che funziona\u00bb<br \/>\n<\/span><span style=\"font-size: 14px;line-height: 20px;color: #808080\">Michele D. &#8211; Marketing<\/span>[\/vc_column_text][\/vc_column_inner][vc_column_inner el_class=&#8221;py-lg-2 px-lg-5&#8243; width=&#8221;1\/4&#8243;][vc_column_text css_animation=&#8221;fadeIn&#8221;]\n<p style=\"text-align: center\"><span style=\"font-weight: bold;font-style: italic;font-size: 14px;line-height: 20px\">\u00abFinalmente un format di tecnologie d&#8217;avanguardia e di competenze a disposizione di aziende di un territorio che a volte sembra non esistere\u00bb<br \/>\n<\/span><span style=\"font-size: 14px;line-height: 20px;color: #808080\">Ettore M. &#8211; Titolare<\/span>[\/vc_column_text][\/vc_column_inner][\/vc_row_inner][vc_separator css_animation=&#8221;none&#8221;][vc_row_inner equal_height=&#8221;yes&#8221; content_placement=&#8221;middle&#8221;][vc_column_inner el_class=&#8221;py-lg-2 px-lg-5&#8243; width=&#8221;1\/4&#8243;][vc_column_text css_animation=&#8221;fadeIn&#8221;]\n<p style=\"text-align: center\"><span style=\"font-weight: bold;font-style: italic;font-size: 14px;line-height: 20px\">\u00abIl MECSPE BARI \u00e8 stato un banco di prova per la prima esposizione Industria 4.0 nel Sud Italia. Sono emersi molti spunti sia per professionisti sia per accademici come me. Quello che mi ha colpito sono le molte start-up del sud Italia che muovono i primi passi sfruttando le potenzialit\u00e0 la virtual reality\u00bb<br \/>\n<\/span><span style=\"font-size: 14px;line-height: 20px;color: #808080\">Emanuele M. &#8211; Professore<\/span>[\/vc_column_text][\/vc_column_inner][vc_column_inner el_class=&#8221;py-lg-2 px-lg-5&#8243; width=&#8221;1\/4&#8243;][vc_column_text css_animation=&#8221;fadeIn&#8221;]\n<p style=\"text-align: center\"><span style=\"font-weight: bold;font-style: italic;font-size: 14px;line-height: 20px\">\u00abMECSPE Bari, il chiaro esempio di un&#8217;imprenditoria che ha la volont\u00e0 di affermarsi, conscia delle proprie capacit\u00e0 che sono confermate da un&#8217;elevata capacit\u00e0 tecnica, di una fresca e vitale capacit\u00e0 di fare rete e che non ha nulla da invidiare ad altre zone produttive dell&#8217;Italia e anche oltre\u00bb<br \/>\n<\/span><span style=\"font-size: 14px;line-height: 20px;color: #808080\">Mauro O. &#8211; Titolare<\/span>[\/vc_column_text][\/vc_column_inner][vc_column_inner el_class=&#8221;py-lg-2 px-lg-5&#8243; width=&#8221;1\/4&#8243;][vc_column_text css_animation=&#8221;fadeIn&#8221;]\n<p style=\"text-align: center\"><span style=\"font-weight: bold;font-style: italic;font-size: 14px;line-height: 20px\">\u00ab\u00c8 stato un evento che ha offerto molti spunti riflessivi sulle prospettive del mercato del lavoro\/occupazionale , degli investimenti nei settori dell&#8217;automazione, della produzione manifatturiera \u00bb<br \/>\n<\/span><span style=\"font-size: 14px;line-height: 20px;color: #808080\">Giovanni P. &#8211; Titolare<\/span>[\/vc_column_text][\/vc_column_inner][vc_column_inner el_class=&#8221;py-lg-2 px-lg-5&#8243; width=&#8221;1\/4&#8243;][vc_column_text css_animation=&#8221;fadeIn&#8221;]\n<p style=\"text-align: center\"><span style=\"font-weight: bold;font-style: italic;font-size: 14px;line-height: 20px\">\u00abUn evento caratterizzato dalla presenza contemporanea delle aziende pi\u00f9 rappresentative del settore \u00e8 certamente uno dei fattori chiave per favorire ed accelerare lo sviluppo industriale del Mezzogiorno\u00bb<br \/>\n<\/span><span style=\"font-size: 14px;line-height: 20px;color: #808080\">Nicola R. &#8211; Tecnico<\/span>[\/vc_column_text][\/vc_column_inner][\/vc_row_inner][vc_separator css_animation=&#8221;none&#8221;][vc_row_inner equal_height=&#8221;yes&#8221; content_placement=&#8221;middle&#8221;][vc_column_inner el_class=&#8221;py-lg-2 px-lg-5&#8243; width=&#8221;1\/4&#8243;][vc_column_text css_animation=&#8221;fadeIn&#8221;]\n<p style=\"text-align: center\"><span style=\"font-weight: bold;font-style: italic;font-size: 14px;line-height: 20px\">\u00abMECSPE Bari: agor\u00e1 di incontri. Molto formativa e sprigiona curiosit\u00e0\u00bb<br \/>\n<\/span><span style=\"font-size: 14px;line-height: 20px;color: #808080\">Andrea P. &#8211; Marketing<\/span>[\/vc_column_text][\/vc_column_inner][vc_column_inner el_class=&#8221;py-lg-2 px-lg-5&#8243; width=&#8221;1\/4&#8243;][vc_column_text css_animation=&#8221;fadeIn&#8221;]\n<p style=\"text-align: center\"><span style=\"font-weight: bold;font-style: italic;font-size: 14px;line-height: 20px\">\u00abGrande occasione per la formazione ed aggiornamento in una fase storica caratterizzata da rapide trasformazioni tecnologiche \u00bb<br \/>\n<\/span><span style=\"font-size: 14px;line-height: 20px;color: #808080\">Pietro T. &#8211; Titolare<\/span>[\/vc_column_text][\/vc_column_inner][vc_column_inner el_class=&#8221;py-lg-2 px-lg-5&#8243; width=&#8221;1\/4&#8243;][vc_column_text css_animation=&#8221;fadeIn&#8221;]\n<p style=\"text-align: center\"><span style=\"font-weight: bold;font-style: italic;font-size: 14px;line-height: 20px\">\u00abUn finestra sul mondo tecnologico al servizio dell&#8217;officina meccanica\u00bb<br \/>\n<\/span><span style=\"font-size: 14px;line-height: 20px;color: #808080\">Giovanni P. &#8211; Titolare<\/span>[\/vc_column_text][\/vc_column_inner][vc_column_inner el_class=&#8221;py-lg-2 px-lg-5&#8243; width=&#8221;1\/4&#8243;][vc_column_text css_animation=&#8221;fadeIn&#8221;]\n<p style=\"text-align: center\"><span style=\"font-weight: bold;font-style: italic;font-size: 14px;line-height: 20px\">\u00abEvento dinamico, interattivo, entusiasmante \u00bb<br \/>\n<\/span><span style=\"font-size: 14px;line-height: 20px;color: #808080\">Agata S. &#8211; Tecnico<\/span>[\/vc_column_text][\/vc_column_inner][\/vc_row_inner][\/vc_column][\/vc_row][vc_column css=&#8221;.vc_custom_1521217825246{padding-top: 0px !important;}&#8221;][\/vc_column][vc_column_inner width=&#8221;1\/4&#8243;][\/vc_column_inner][vc_column_inner width=&#8221;1\/2&#8243;][\/vc_column_inner]\n","protected":false},"excerpt":{"rendered":"<p>[vc_row equal_height=&#8221;yes&#8221; el_class=&#8221;my-1&#8243;][vc_column][vc_row_inner equal_height=&#8221;yes&#8221; content_placement=&#8221;top&#8221;][vc_column_inner el_class=&#8221;py-lg-2 px-lg-5&#8243; width=&#8221;2\/3&#8243;][vc_column_text] I nostri visitatori percepiscono la fiera come una\u202fconcreta occasione\u202fper valutare le novit\u00e0 del mercato, aggiornarsi su tematiche rilevanti e di attualit\u00e0, fare networking e incontrare nuovi fornitori. [\/vc_column_text][vc_column_text]79,5% partecipa per conoscere le novit\u00e0 del mercato, per informarsi su prodotti e servizi 49,9% partecipa per trovare e visitare [&hellip;]<\/p>\n","protected":false},"author":23,"featured_media":7694,"parent":0,"menu_order":0,"comment_status":"closed","ping_status":"closed","template":"","meta":[],"acf":[],"aioseo_notices":[],"_links":{"self":[{"href":"https:\/\/www.mecspebari.it\/it\/wp-json\/wp\/v2\/pages\/3842"}],"collection":[{"href":"https:\/\/www.mecspebari.it\/it\/wp-json\/wp\/v2\/pages"}],"about":[{"href":"https:\/\/www.mecspebari.it\/it\/wp-json\/wp\/v2\/types\/page"}],"author":[{"embeddable":true,"href":"https:\/\/www.mecspebari.it\/it\/wp-json\/wp\/v2\/users\/23"}],"replies":[{"embeddable":true,"href":"https:\/\/www.mecspebari.it\/it\/wp-json\/wp\/v2\/comments?post=3842"}],"version-history":[{"count":3,"href":"https:\/\/www.mecspebari.it\/it\/wp-json\/wp\/v2\/pages\/3842\/revisions"}],"predecessor-version":[{"id":7788,"href":"https:\/\/www.mecspebari.it\/it\/wp-json\/wp\/v2\/pages\/3842\/revisions\/7788"}],"wp:featuredmedia":[{"embeddable":true,"href":"https:\/\/www.mecspebari.it\/it\/wp-json\/wp\/v2\/media\/7694"}],"wp:attachment":[{"href":"https:\/\/www.mecspebari.it\/it\/wp-json\/wp\/v2\/media?parent=3842"}],"curies":[{"name":"wp","href":"https:\/\/api.w.org\/{rel}","templated":true}]}}