{"id":3118,"date":"2023-04-12T12:53:13","date_gmt":"2023-04-12T12:53:13","guid":{"rendered":"https:\/\/www.mecspebari.it\/?page_id=3118"},"modified":"2025-10-31T14:42:56","modified_gmt":"2025-10-31T14:42:56","slug":"logistica","status":"publish","type":"page","link":"https:\/\/www.mecspebari.it\/it\/logistica\/","title":{"rendered":"Logistica"},"content":{"rendered":"[vc_row equal_height=&#8221;yes&#8221; el_class=&#8221;my-1&#8243;][vc_column][vc_row_inner equal_height=&#8221;yes&#8221; content_placement=&#8221;top&#8221;][vc_column_inner el_class=&#8221;py-lg-2 px-lg-5&#8243; width=&#8221;2\/3&#8243;][vc_column_text]\n<h2 class=\"mb-1\">Logistica<\/h2>\n[\/vc_column_text][vc_column_text]MECSPE Bari metter\u00e0 in risalto \u2013 come di consueto \u2013 i temi della <strong>logistica industriale<\/strong> e di <strong>magazzino<\/strong> presentandoli in un contesto totalmente dedicato all\u2019<strong>automazione<\/strong>.[\/vc_column_text][vc_column_text]\n<h5><em>Confezionamento | Imballaggio | Movimentazione | Material handling | Lean manufacturing | Software gestionale di magazzino | Supply chain management | Sistemi di sicurezza | DPI | Terziarizzazione<\/em><\/h5>\n[\/vc_column_text][vc_column_text]<a class=\"btn btn-lg btn-primary my-2\" href=\"https:\/\/www.mecspebari.it\/it\/contatti\/\">Diventa espositore<\/a> <a class=\"btn btn-lg btn-primary outline ml-2 my-2\" href=\"\/public\/uploads\/sites\/16\/BRO-MECSPE-BARI-25-WEB-1.pdf\" target=\"_blank\" rel=\"noopener\">Scarica la brochure MECSPE Bari 2025<\/a>[\/vc_column_text][\/vc_column_inner][vc_column_inner el_class=&#8221;p-1 p-sm-3 p-lg-4 bg-darker&#8221; width=&#8221;1\/3&#8243;][vc_column_text]\n<h3 class=\"mt-0\"><\/h3>\n<div class=\"wpb_text_column wpb_content_element \">\n<div class=\"wpb_wrapper\">\n<h3 class=\"mt-0\"><\/h3>\n<\/div>\n<\/div>\n[\/vc_column_text][vc_column_text]\n<h3>Saloni espositivi<\/h3>\n[\/vc_column_text][vc_wp_custommenu nav_menu=&#8221;43&#8243;][\/vc_column_inner][\/vc_row_inner][\/vc_column][\/vc_row][vc_row css_animation=&#8221;slideInLeft&#8221;][vc_column width=&#8221;1\/6&#8243;][\/vc_column][vc_column width=&#8221;2\/3&#8243;][\/vc_column][vc_column width=&#8221;1\/6&#8243;][\/vc_column][\/vc_row][vc_row el_class=&#8221;my-2&#8243;][vc_column width=&#8221;1\/6&#8243;][\/vc_column][vc_column width=&#8221;2\/3&#8243;][vc_row_inner][vc_column_inner][vc_column_text]\n<h2 style=\"font-size: 39px;text-align: center\">Le voci degli espositori<\/h2>\n<p class=\"subtitle\" style=\"text-align: center\"><span style=\"font-size: 28px\">della prossima edizione di MECSPE Bari<\/span><\/p>\n[\/vc_column_text][\/vc_column_inner][\/vc_row_inner][vc_row_inner][vc_column_inner width=&#8221;1\/3&#8243;][vc_single_image image=&#8221;7232&#8243; img_size=&#8221;&#8221; alignment=&#8221;center&#8221; style=&#8221;vc_box_shadow_border_circle_2&#8243; css_animation=&#8221;fadeInLeft&#8221;][\/vc_column_inner][vc_column_inner width=&#8221;2\/3&#8243;][vc_column_text css_animation=&#8221;fadeInRight&#8221;]\n<p style=\"text-align: left\"><em>&#8220;Partecipare a MECSPE BARI significa per noi rafforzare il dialogo con le imprese del Sud Italia che vogliono evolvere i propri processi produttivi e distributivi. Esporremo il magazzino verticale intelligente SILO2, una soluzione unica sul mercato per la sua flessibilit\u00e0 di configurazione, gli optional innovativi che garantiscono prelievi veloci, accurati e sicuri, e le funzionalit\u00e0 software evolute, capaci di integrarsi perfettamente con il sistema fabbrica e rispondere in modo puntuale alle reali esigenze operative&#8221;<br \/>\n<\/em><\/p>\n<p style=\"text-align: left\"><strong>Antonio Pipoli, Responsabile Software ICAM<\/strong><\/p>\n[\/vc_column_text][\/vc_column_inner][\/vc_row_inner][vc_separator][vc_row_inner][vc_column_inner width=&#8221;1\/3&#8243;][vc_single_image image=&#8221;7234&#8243; img_size=&#8221;&#8221; alignment=&#8221;center&#8221; style=&#8221;vc_box_shadow_border_circle_2&#8243; css_animation=&#8221;fadeInLeft&#8221;][\/vc_column_inner][vc_column_inner width=&#8221;2\/3&#8243;][vc_column_text css_animation=&#8221;fadeInRight&#8221;]\n<p style=\"text-align: left\"><em>&#8220;Quest\u2019anno siamo orgogliosi di confermare la nostra partecipazione a MECSPE BARI portando con noi tutta l\u2019esperienza e la competenza di Ros Italia.<br \/>\nDopo anni di crescita continua nel campo della riparazione, ispezione e certificazione delle scaffalature, abbiamo ampliato i nostri servizi per offrire un sistema di sicurezza a 360\u00b0 per i magazzini, includendo anche protezioni industriali studiate per prevenire danni e incidenti.<br \/>\nLa nostra priorit\u00e0 \u00e8 garantire magazzini sicuri al 100% portando flessibilit\u00e0 e rapidit\u00e0 nei nostri interventi.<br \/>\nSperiamo quindi di dare un contributo di valore in questa edizione di Mecspe Bari 2025.&#8221;<br \/>\n<\/em><\/p>\n<p style=\"text-align: left\"><strong>Nicolas Fontana, Amministratore delegato Ros Italia srl<\/strong><\/p>\n[\/vc_column_text][\/vc_column_inner][\/vc_row_inner][\/vc_column][vc_column width=&#8221;1\/6&#8243;][\/vc_column][\/vc_row][vc_row][vc_column width=&#8221;1\/6&#8243;][\/vc_column][vc_column width=&#8221;2\/3&#8243;][vc_row_inner][vc_column_inner][vc_text_separator title=&#8221;La voce degli espositori delle scorse edizioni&#8221; color=&#8221;custom&#8221; accent_color=&#8221;#016838&#8243;][\/vc_column_inner][\/vc_row_inner][vc_row_inner][vc_column_inner width=&#8221;1\/3&#8243;][vc_single_image image=&#8221;3392&#8243; img_size=&#8221;&#8221; alignment=&#8221;center&#8221; style=&#8221;vc_box_shadow_border_circle_2&#8243; css_animation=&#8221;fadeInLeft&#8221;][\/vc_column_inner][vc_column_inner width=&#8221;2\/3&#8243;][vc_column_text css_animation=&#8221;fadeInRight&#8221;]\n<blockquote>\n<p style=\"text-align: left\"><em>&#8220;La Spaggiari ha deciso di aderire a questa nuova edizione di MECSPE Bari 2023 per dare seguito ad una scommessa fatta in occasione della prima edizione nel 2019. Oggi come allora, la nostra Azienda crede fortemente nel mercato della Puglia e delle zone limitrofe che da alcuni anni \u00e8 divenuto un crogiuolo di nuove tecnologie e Realt\u00e0 sempre pi\u00f9 rivolte ad una continua ricerca in campo di Automazione e Qualit\u00e0. Vogliamo rafforzare sempre pi\u00f9 la nostra presenza su quel territorio, forti anche di una radicata collaborazione con partner locali a livello di rappresentanza della nostra Azienda oltre che di un rapporto forte e duraturo con la nostra clientela in quella zona.<br \/>\nIn occasione di questa nuova edizione di MECPSE BARI, presenteremo interessanti novit\u00e0 nel campo delle soluzioni di immagazzinaggio automatico di barrame, tubi, lamiere e profilati in genere, con interconnessione e scambio dati con Gestionale Cliente e impianti di fine linea per taglio profili e preparazione commesse.<br \/>\nVi aspettiamo numerosi al nostro stand.&#8221;<br \/>\n<\/em><\/p>\n<p style=\"text-align: left\"><strong>Cristiano Schiappa \u2013 Direzione Commerciale di Spaggiari<\/strong><\/p>\n<\/blockquote>\n[\/vc_column_text][\/vc_column_inner][\/vc_row_inner][vc_separator][vc_row_inner][vc_column_inner width=&#8221;1\/3&#8243;][vc_single_image image=&#8221;3390&#8243; img_size=&#8221;&#8221; alignment=&#8221;center&#8221; style=&#8221;vc_box_shadow_border_circle_2&#8243; css_animation=&#8221;fadeInLeft&#8221;][\/vc_column_inner][vc_column_inner width=&#8221;2\/3&#8243;][vc_column_text css_animation=&#8221;fadeInRight&#8221;]\n<blockquote>\n<p style=\"text-align: left\"><em>\u201cDopo tre edizioni a Mecspe Bologna come iMilani, quest\u2019anno parteciperemo all\u2019edizione di Bari per rafforzare l\u2019immagine della nostra azienda e portare il nostro contributo alla Fiera del Levante, il punto di riferimento economico non solo per il centro-sud Italia ma per tutta l\u2019area del Mediterraneo. Sar\u00e0 un\u2019occasione per far conoscere la nostra azienda e confrontarci con importanti eccellenze industriali di interesse internazionale presenti nel sud Italia. A Mecspe Bari chiediamo che l&#8217;elevata tecnologia del sud apra le proprie porte alle nostre commodities: porteremo prodotti di serie per il magazzino e la logistica, applicabili in diverse destinazioni d\u2019uso, ma anche le ultime novit\u00e0 che abbiamo implementato per soddisfare particolari esigenze che il mercato ha richiesto.\u201d<\/em><\/p>\n<p style=\"text-align: left\"><strong>Gianluca Marzano \u2013 CEO di iMilani<\/strong><\/p>\n<\/blockquote>\n[\/vc_column_text][\/vc_column_inner][\/vc_row_inner][\/vc_column][vc_column width=&#8221;1\/6&#8243;][\/vc_column][\/vc_row][vc_row][vc_column][vc_separator][vc_row_inner][vc_column_inner][vc_column_text]\n<h2 style=\"font-size: 39px;text-align: center\">Dicono di noi<\/h2>\n<p class=\"subtitle\" style=\"text-align: center\"><span style=\"font-size: 28px\">Le opinioni degli espositori sulla fiera MECSPE: testimonianze dirette dal cuore dell&#8217;evento<\/span><\/p>\n[\/vc_column_text][\/vc_column_inner][\/vc_row_inner][vc_empty_space][vc_row_inner css=&#8221;.vc_custom_1721122678044{background-color: #efefef !important;}&#8221;][vc_column_inner width=&#8221;1\/3&#8243;][vc_video link=&#8221;https:\/\/youtu.be\/hGkc4fkDLM8&#8243; el_width=&#8221;90&#8243; align=&#8221;center&#8221;][vc_column_text]\n<p style=\"text-align: center\"><strong>Filippo Rimondi &#8211; Cyber<\/strong><\/p>\n[\/vc_column_text][\/vc_column_inner][vc_column_inner width=&#8221;1\/3&#8243;][vc_video link=&#8221;https:\/\/youtu.be\/Itkp0ffPlnk&#8221; el_width=&#8221;90&#8243; align=&#8221;center&#8221;][vc_column_text]\n<p style=\"text-align: center\"><strong>Lorenzo Zumerle &#8211; Ferretto Group<\/strong><\/p>\n[\/vc_column_text][\/vc_column_inner][vc_column_inner width=&#8221;1\/3&#8243;][vc_video link=&#8221;https:\/\/youtu.be\/QDK2vBSwJJE&#8221; el_width=&#8221;90&#8243; align=&#8221;center&#8221;][vc_column_text]\n<p style=\"text-align: center\"><strong>Simone Barozzi &#8211; LCS<\/strong><\/p>\n[\/vc_column_text][\/vc_column_inner][\/vc_row_inner][vc_empty_space][\/vc_column][\/vc_row]\n","protected":false},"excerpt":{"rendered":"<p>[vc_row equal_height=&#8221;yes&#8221; el_class=&#8221;my-1&#8243;][vc_column][vc_row_inner equal_height=&#8221;yes&#8221; content_placement=&#8221;top&#8221;][vc_column_inner el_class=&#8221;py-lg-2 px-lg-5&#8243; width=&#8221;2\/3&#8243;][vc_column_text] Logistica [\/vc_column_text][vc_column_text]MECSPE Bari metter\u00e0 in risalto \u2013 come di consueto \u2013 i temi della logistica industriale e di magazzino presentandoli in un contesto totalmente dedicato all\u2019automazione.[\/vc_column_text][vc_column_text] Confezionamento | Imballaggio | Movimentazione | Material handling | Lean manufacturing | Software gestionale di magazzino | Supply chain management | [&hellip;]<\/p>\n","protected":false},"author":23,"featured_media":3719,"parent":0,"menu_order":0,"comment_status":"closed","ping_status":"closed","template":"","meta":[],"acf":[],"aioseo_notices":[],"_links":{"self":[{"href":"https:\/\/www.mecspebari.it\/it\/wp-json\/wp\/v2\/pages\/3118"}],"collection":[{"href":"https:\/\/www.mecspebari.it\/it\/wp-json\/wp\/v2\/pages"}],"about":[{"href":"https:\/\/www.mecspebari.it\/it\/wp-json\/wp\/v2\/types\/page"}],"author":[{"embeddable":true,"href":"https:\/\/www.mecspebari.it\/it\/wp-json\/wp\/v2\/users\/23"}],"replies":[{"embeddable":true,"href":"https:\/\/www.mecspebari.it\/it\/wp-json\/wp\/v2\/comments?post=3118"}],"version-history":[{"count":3,"href":"https:\/\/www.mecspebari.it\/it\/wp-json\/wp\/v2\/pages\/3118\/revisions"}],"predecessor-version":[{"id":8491,"href":"https:\/\/www.mecspebari.it\/it\/wp-json\/wp\/v2\/pages\/3118\/revisions\/8491"}],"wp:featuredmedia":[{"embeddable":true,"href":"https:\/\/www.mecspebari.it\/it\/wp-json\/wp\/v2\/media\/3719"}],"wp:attachment":[{"href":"https:\/\/www.mecspebari.it\/it\/wp-json\/wp\/v2\/media?parent=3118"}],"curies":[{"name":"wp","href":"https:\/\/api.w.org\/{rel}","templated":true}]}}