{"id":3077,"date":"2023-04-12T10:55:01","date_gmt":"2023-04-12T10:55:01","guid":{"rendered":"https:\/\/www.mecspebari.it\/?page_id=3077"},"modified":"2025-11-13T13:26:37","modified_gmt":"2025-11-13T13:26:37","slug":"subfornitura-meccanica","status":"publish","type":"page","link":"https:\/\/www.mecspebari.it\/it\/subfornitura-meccanica\/","title":{"rendered":"Subfornitura meccanica"},"content":{"rendered":"[vc_row equal_height=&#8221;yes&#8221; el_class=&#8221;my-1&#8243;][vc_column][vc_row_inner equal_height=&#8221;yes&#8221; content_placement=&#8221;top&#8221;][vc_column_inner el_class=&#8221;py-lg-2 px-lg-5&#8243; width=&#8221;2\/3&#8243;][vc_column_text]\n<h2 class=\"mb-1\">Subfornitura meccanica<\/h2>\n[\/vc_column_text][vc_column_text]Il Salone Subfornitura Meccanica rappresenta l\u2019appuntamento di riferimento a livello nazionale e internazionale delle lavorazioni conto terzi. Da anni si avvale della fondamentale collaborazione con le maggiori associazioni di categoria come CDO MECCANICA, CNA, CONFARTIGIANATO, CONFAPI, CONFINDUSTRIA, CONFIMI. Fondamentale per i subfornitori l\u2019attivit\u00e0 di incoming di BUYER ESTERI che MECSPE garantisce ogni anno grazie all\u2019attenta attivit\u00e0 di internazionalizzazione della fiera.[\/vc_column_text][vc_column_text]\n<h5><em>Lavorazioni meccaniche di precisione | Carpenteria metallica | Costruzioni meccaniche | Fasteners | Fonderie | Minuterie | Lavorazioni del filo metallico | Lavorazioni industriali per conto terzi | Microlavorazioni<\/em><\/h5>\n[\/vc_column_text][vc_column_text]<a class=\"btn btn-lg btn-primary my-2\" href=\"https:\/\/www.mecspebari.it\/it\/contatti\/\">Diventa espositore<\/a> <a class=\"btn btn-lg btn-primary outline ml-2 my-2\" href=\"\/public\/uploads\/sites\/16\/BRO-MECSPE-BARI-25-WEB-1.pdf\" target=\"_blank\" rel=\"noopener\">Scarica la brochure MECSPE Bari 2025<\/a>[\/vc_column_text][vc_separator][\/vc_column_inner][vc_column_inner el_class=&#8221;p-1 p-sm-3 p-lg-4 bg-darker&#8221; width=&#8221;1\/3&#8243;][vc_column_text]\n<h3 class=\"mt-0\">Saloni espositivi<\/h3>\n[\/vc_column_text][vc_wp_custommenu nav_menu=&#8221;43&#8243;][\/vc_column_inner][\/vc_row_inner][\/vc_column][\/vc_row][vc_row disable_element=&#8221;yes&#8221;][vc_column][vc_single_image image=&#8221;8180&#8243; img_size=&#8221;full&#8221; alignment=&#8221;center&#8221; onclick=&#8221;custom_link&#8221; img_link_target=&#8221;_blank&#8221; link=&#8221;https:\/\/www.meccanicanews.com\/lamiera-training-day-2025\/&#8221;][\/vc_column][\/vc_row][vc_row el_class=&#8221;my-2&#8243;][vc_column width=&#8221;1\/6&#8243;][\/vc_column][vc_column width=&#8221;2\/3&#8243;][vc_column_text]\n<h2 style=\"font-size: 39px;text-align: center\">Le voci degli espositori<\/h2>\n<p class=\"subtitle\" style=\"text-align: center\"><span style=\"font-size: 28px\">della prossima edizione di MECSPE Bari<\/span><\/p>\n[\/vc_column_text][vc_row_inner][vc_column_inner width=&#8221;1\/3&#8243;][vc_single_image image=&#8221;7207&#8243; img_size=&#8221;&#8221; alignment=&#8221;center&#8221; style=&#8221;vc_box_shadow_border_circle_2&#8243; css_animation=&#8221;fadeInLeft&#8221;][\/vc_column_inner][vc_column_inner width=&#8221;2\/3&#8243;][vc_column_text css_animation=&#8221;fadeInRight&#8221;]<em>&#8220;Partecipiamo a MECSPE di Parma e poi Bologna, fin dalle prime edizioni. Due anni fa abbiamo aderito all\u2019iniziativa di Mec-Spe Bari, perch\u00e9 crediamo che il nostro Sud meriti di espandersi e che possa offrire ottime opportunit\u00e0 territoriali e di mercato, soprattutto con il suo comparto manifatturiero del settore Ferroviario.<\/em><br \/>\n<em>Riteniamo che in Italia Mec-Spe sia la pi\u00f9 importante vetrina del manifatturiero e della subfornitura e che stia crescendo anche a livello di visitatori Europei ed extra Europei.<\/em><br \/>\n<em>La Bertoloni &amp; Botturi \u00a0si occupa di stampaggio a caldo di tutti i tipi di acciaio, realizzando stampati da pochi grammi a 350 kg, con una tecnologia di riscaldo parziale, in grado di deformare la barra tonda riscaldata parzialmente da dia 16 a 220 sul gambo, realizzando teste ad una o \u00a02 estremit\u00e0, o anche al centro, fino a 350mm circa.<\/em><br \/>\n<em>Siamo dotati di un reparto anche di lavorazioni meccaniche per offrire dei semilavorati per meglio servire il cliente.&#8221;<\/em><\/p>\n<p><strong>Vincenzo Bertoloni, Amministratore Bertoloni &amp; Botturi<\/strong>[\/vc_column_text][\/vc_column_inner][\/vc_row_inner][vc_separator][vc_row_inner content_placement=&#8221;middle&#8221;][vc_column_inner width=&#8221;1\/3&#8243;][vc_single_image image=&#8221;7210&#8243; img_size=&#8221;&#8221; alignment=&#8221;center&#8221; style=&#8221;vc_box_shadow_border_circle_2&#8243; css_animation=&#8221;fadeInLeft&#8221;][\/vc_column_inner][vc_column_inner width=&#8221;2\/3&#8243;][vc_column_text css_animation=&#8221;fadeInRight&#8221;]<em>&#8220;Essere presenti a MECSPE BARI 2025 rappresenta per noi un\u2019opportunit\u00e0 strategica per consolidare la nostra presenza nel settore della meccanica avanzata. L\u2019evento \u00e8 un punto di riferimento per l\u2019innovazione industriale e offre l\u2019occasione di presentare i nostri rulli rivestiti e articoli tecnici in gomma, poliuretano e materiali plastici a un pubblico qualificato. Partecipare ci permette di entrare in contatto diretto con clienti e partner, rafforzando relazioni e raccogliendo stimoli per sviluppi futuri.&#8221;<\/em><\/p>\n<p><strong>Andrea Fioresi, Technical Sales &amp; Development Manager PIEFFE srl<\/strong>[\/vc_column_text][\/vc_column_inner][\/vc_row_inner][\/vc_column][vc_column width=&#8221;1\/6&#8243;][\/vc_column][\/vc_row][vc_row][vc_column width=&#8221;1\/6&#8243;][\/vc_column][vc_column width=&#8221;2\/3&#8243;][vc_row_inner][vc_column_inner][vc_text_separator title=&#8221;La voce degli espositori delle scorse edizioni&#8221; color=&#8221;custom&#8221; accent_color=&#8221;#016838&#8243;][\/vc_column_inner][\/vc_row_inner][vc_row_inner][vc_column_inner width=&#8221;1\/3&#8243;][vc_single_image image=&#8221;4170&#8243; img_size=&#8221;&#8221; alignment=&#8221;center&#8221; style=&#8221;vc_box_shadow_border_circle_2&#8243; css_animation=&#8221;fadeInLeft&#8221;][\/vc_column_inner][vc_column_inner width=&#8221;2\/3&#8243;][vc_column_text css_animation=&#8221;fadeInRight&#8221;]<em>&#8220;\u00c8 con grande entusiasmo che accogliamo l\u2019edizione di <strong>Bari di Mecspe<\/strong>, poich\u00e9 rappresenta un\u2019<strong>importante opportunit\u00e0<\/strong> per le imprese della <strong>subfornitura meccanica<\/strong>. Questo evento ci permette di <strong>conoscere nuovi mercati<\/strong> e <strong>consolidare<\/strong> il percorso di relazioni e business che abbiamo avviato grazie alla nostra partecipazione ormai consolidata all\u2019edizione di Bologna. Il contesto di Bari \u00e8 sicuramente <strong>un\u2019occasione per ampliare le proprie prospettive e sviluppare connessioni preziose<\/strong> con partner e clienti potenziali. Insieme, possiamo continuare a costruire un futuro solido per il settore della meccanica italiana.&#8221;<\/em><\/p>\n<p><strong>Federico Boin, Presidente Confartigianato Meccanica<\/strong>[\/vc_column_text][\/vc_column_inner][\/vc_row_inner][vc_separator][vc_row_inner][vc_column_inner width=&#8221;1\/3&#8243;][vc_single_image image=&#8221;4173&#8243; img_size=&#8221;&#8221; alignment=&#8221;center&#8221; style=&#8221;vc_box_shadow_border_circle_2&#8243; css_animation=&#8221;fadeInLeft&#8221;][\/vc_column_inner][vc_column_inner width=&#8221;2\/3&#8243;][vc_column_text css_animation=&#8221;fadeInRight&#8221;]\n<p style=\"text-align: left\"><em>&#8220;Il gruppo Gervasoni, nato nel 1961, \u00e8 oggi una rinomata realt\u00e0 nel mondo della meccanica; a conduzione familiare, impiega pi\u00f9 di 350 dipendenti, suddivisi nei 4 stabilimenti produttivi di cui 3 nel nord Italia ed 1 a Plovdiv in Bulgaria. Le certificazioni del sistema qualit\u00e0, rinnovate a cadenza annuale, sono la ISO9001, la IATF16949 per l\u2019Automotive e la ISO14001.<\/em><\/p>\n<p style=\"text-align: left\"><em><strong>Fornitore Tier1<\/strong> e <strong>Tier2<\/strong> delle principali case automobilistiche mondiali, il gruppo Gervasoni si propone come riferimento privilegiato non solo per la produzione ma anche per la soluzione di problemi tecnici relativi ai componenti meccanici di alta precisione. Gli elementi vincenti del Gruppo Gervasoni sono la sua <strong>consolidata esperienza nella lavorazione meccanica da barra<\/strong>, <strong>l\u2019elevata professionalit\u00e0 del suo staff<\/strong> ed un <strong>completo parco macchine<\/strong>, tra cui numerosi plurimandrino ed impianti di finitura (rettifiche senza centri e lappatrici) per poter fornire ai propri clienti prodotti completi. <\/em><\/p>\n<p style=\"text-align: left\"><em>Sono Milani Luca, responsabile commerciale del gruppo Gervasoni e vi aspetto a MECSPE, la manifestazione di riferimento per l\u2019industria manifatturiera!&#8221;<\/em><\/p>\n<p style=\"text-align: left\"><strong>Dott. Luca Milani, Responsabile commerciale Gruppo Gervasoni<\/strong><\/p>\n[\/vc_column_text][\/vc_column_inner][\/vc_row_inner][vc_separator][vc_row_inner][vc_column_inner width=&#8221;1\/3&#8243;][vc_single_image image=&#8221;4179&#8243; img_size=&#8221;&#8221; alignment=&#8221;center&#8221; style=&#8221;vc_box_shadow_border_circle_2&#8243; css_animation=&#8221;fadeInLeft&#8221;][\/vc_column_inner][vc_column_inner width=&#8221;2\/3&#8243;][vc_column_text css_animation=&#8221;fadeInRight&#8221;]\n<p style=\"text-align: left\"><em>&#8220;Non vediamo l\u2019ora di poter partecipare nuovamente alla manifestazione di <strong>MECSPE<\/strong>. L\u2019evento di quest\u2019anno a Bologna \u00e8 stato un grande successo e anche il prossimo sar\u00e0, per noi, <strong>un\u2019occasione imperdibile, durante cui poter presentare le nostre eccellenze e tecnologie, conoscere le novit\u00e0 del mercato e far nascere le giuste collaborazioni e partnerships<\/strong>.<\/em><\/p>\n<p style=\"text-align: left\"><em>Radici Products \u00e8 <strong>leader di mercato nella realizzazione di componenti tecnologici a disegno<\/strong>, realizzati con tecnopolimeri e materiali compositi tramite processi di lavorazione meccanica CNC. Siamo una realt\u00e0 piccola, ma in forte crescita e guidata da una grande passione per l\u2019innovazione ed il miglioramento continuo, occasioni come il MECSPE sono molto importanti per confrontarci con il mercato e i nuovi potenziali clienti.&#8221;<\/em><\/p>\n<p style=\"text-align: left\"><strong>Peter Dal Bo, Chief Executive Officer di Radici Products<\/strong><\/p>\n[\/vc_column_text][\/vc_column_inner][\/vc_row_inner][vc_separator][vc_row_inner][vc_column_inner width=&#8221;1\/3&#8243;][vc_single_image image=&#8221;4182&#8243; img_size=&#8221;&#8221; alignment=&#8221;center&#8221; style=&#8221;vc_box_shadow_border_circle_2&#8243; css_animation=&#8221;fadeInLeft&#8221;][\/vc_column_inner][vc_column_inner width=&#8221;2\/3&#8243;][vc_column_text css_animation=&#8221;fadeInRight&#8221;]<em>&#8220;Abbiamo confermato la presenza a <strong>Mecspe Bari<\/strong> perch\u00e9 sappiamo quanto sia importante per le imprese avere a disposizione una <strong>consulenza finalizzata allo screening e alla comparazione dei pi\u00f9 favorevoli strumenti di finanza agevolata per investimenti in impianti macchinari e attrezzature<\/strong>. Soprattutto nel Mezzogiorno, il problema da risolvere \u00e8 se e in che modo sia possibile e vantaggioso combinare le opportunit\u00e0 derivanti da nuove e specifiche misure di aiuto, diverse per ogni territorio, con le ormai classiche e universali linee di credito d&#8217;imposta per investimenti in <strong>beni strumentali 4.0<\/strong> e per il Mezzogiorno e zone ZES o la Sabatini. La scelta dell&#8217;aiuto da applicare all&#8217;investimento e la sua cumulabilit\u00e0 con altre misure: questi oggi sono i temi centrali per le imprese che investono nelle zone di obiettivo convergenza. <\/em><\/p>\n<p><em>Al Mecspe offriremo a espositori e visitatori la consulenza degli esperti di Telematica Italia. Sar\u00e0 <strong>un&#8217;occasione per ricevere un check up gratuito e personalizzato<\/strong> per valutare le misure utili che possono favorire i clienti nell\u2019acquisto dei macchinari che l&#8217;impresa produce e\/o distribuisce e presenter\u00e0 in fiera&#8221;<\/em><\/p>\n<p><strong>Stefano Perrone, Area Manager Telematica Italia<\/strong>[\/vc_column_text][\/vc_column_inner][\/vc_row_inner][vc_separator][vc_row_inner][vc_column_inner width=&#8221;1\/3&#8243;][vc_single_image image=&#8221;4588&#8243; img_size=&#8221;&#8221; alignment=&#8221;center&#8221; style=&#8221;vc_box_shadow_border_circle_2&#8243; css_animation=&#8221;fadeInLeft&#8221;][\/vc_column_inner][vc_column_inner width=&#8221;2\/3&#8243;][vc_column_text css_animation=&#8221;fadeInRight&#8221;]\n<p style=\"text-align: left\"><em>&#8220;FAR srl, cos\u00ec come crediamo tante altre aziende, aspettava con ansia la nuova edizione di MECSPE a Bari. In quanto \u00e8 sicuramente <strong>l\u2019unica fiera rivolta all\u2019industria manifatturiera di grande rilevanza per l\u2019area del centro-sud Italia<\/strong>. FAR srl, azienda leader italiana nella produzione di sistemi per il fissaggio certificata ISO 9001:2008, da oltre 50 anni realizza, nel suo stabilimento di Granarolo Emilia (BO), prodotti caratterizzati da elevata tecnologia e presenter\u00e0 in tale occasione la sua ampia gamma di <strong>rivetti a strappo<\/strong>, <strong>inserti filettati<\/strong> e le <strong>rivettatrici manuali<\/strong>, <strong>oleopneumatiche<\/strong>, a batteria ed automatiche. Il nostro desiderio \u00e8 quello di fare conoscere le nostre novit\u00e0 in materia di fissaggio e i nostri sistemi automatici e semiautomatici di rivettatura, confidando di avviare nuove e importanti relazioni commerciali in tale sede.<\/em><\/p>\n<p style=\"text-align: left\"><em>Troverete ad accogliervi presso il nostro stand tutta la nostra vendita. Vi aspettiamo a MECSPE!&#8221;<\/em><\/p>\n[\/vc_column_text][\/vc_column_inner][\/vc_row_inner][vc_separator][vc_row_inner][vc_column_inner width=&#8221;1\/3&#8243;][vc_single_image image=&#8221;4646&#8243; img_size=&#8221;&#8221; alignment=&#8221;center&#8221; style=&#8221;vc_box_shadow_border_circle_2&#8243; css_animation=&#8221;fadeInLeft&#8221;][\/vc_column_inner][vc_column_inner width=&#8221;2\/3&#8243;][vc_column_text css_animation=&#8221;fadeInRight&#8221;]<em>&#8220;Siamo molto felici di aver deciso di investire in questa fiera, nella quale ci auspichiamo di avere successo, come avviene per tutte le altre fiere dove esponiamo.<\/em><\/p>\n<p><em>Il nostro obiettivo \u00e8 di farci conoscere ulteriormente in un\u2019area del nostro Paese dove intravediamo grandi possibilit\u00e0.&#8221;<\/em><\/p>\n<p><strong>Domenico Annibale, C.E.O. ANNIBALE VITERIE S.P.A.<\/strong>[\/vc_column_text][\/vc_column_inner][\/vc_row_inner][\/vc_column][vc_column width=&#8221;1\/6&#8243;][\/vc_column][\/vc_row][vc_row][vc_column][vc_row_inner][vc_column_inner][vc_column_text]\n<h2 style=\"font-size: 39px;text-align: center\">Dicono di noi<\/h2>\n<p class=\"subtitle\" style=\"text-align: center\"><span style=\"font-size: 28px\">Le opinioni degli espositori sulla fiera MECSPE: testimonianze dirette dal cuore dell&#8217;evento<\/span><\/p>\n[\/vc_column_text][\/vc_column_inner][\/vc_row_inner][vc_empty_space][vc_row_inner css=&#8221;.vc_custom_1721124765145{background-color: #efefef !important;}&#8221;][vc_column_inner width=&#8221;1\/2&#8243;][vc_video link=&#8221;https:\/\/youtu.be\/1h635WKf_UQ&#8221; el_width=&#8221;90&#8243; align=&#8221;center&#8221;][vc_column_text]\n<p style=\"text-align: center\"><strong>Riccardo Figliola &amp; Alfonso Cialdella &#8211; Confimi<\/strong><\/p>\n[\/vc_column_text][\/vc_column_inner][vc_column_inner width=&#8221;1\/2&#8243;][vc_video link=&#8221;https:\/\/youtu.be\/0j_qBM6C6oA&#8221; el_width=&#8221;90&#8243; align=&#8221;center&#8221;][vc_column_text]\n<p style=\"text-align: center\"><strong>Paola Scrimieri &#8211; Job Italia<\/strong><\/p>\n[\/vc_column_text][\/vc_column_inner][\/vc_row_inner][vc_empty_space][\/vc_column][\/vc_row]\n","protected":false},"excerpt":{"rendered":"<p>[vc_row equal_height=&#8221;yes&#8221; el_class=&#8221;my-1&#8243;][vc_column][vc_row_inner equal_height=&#8221;yes&#8221; content_placement=&#8221;top&#8221;][vc_column_inner el_class=&#8221;py-lg-2 px-lg-5&#8243; width=&#8221;2\/3&#8243;][vc_column_text] Subfornitura meccanica [\/vc_column_text][vc_column_text]Il Salone Subfornitura Meccanica rappresenta l\u2019appuntamento di riferimento a livello nazionale e internazionale delle lavorazioni conto terzi. Da anni si avvale della fondamentale collaborazione con le maggiori associazioni di categoria come CDO MECCANICA, CNA, CONFARTIGIANATO, CONFAPI, CONFINDUSTRIA, CONFIMI. Fondamentale per i subfornitori l\u2019attivit\u00e0 di incoming [&hellip;]<\/p>\n","protected":false},"author":23,"featured_media":3642,"parent":0,"menu_order":0,"comment_status":"closed","ping_status":"closed","template":"","meta":[],"acf":[],"aioseo_notices":[],"_links":{"self":[{"href":"https:\/\/www.mecspebari.it\/it\/wp-json\/wp\/v2\/pages\/3077"}],"collection":[{"href":"https:\/\/www.mecspebari.it\/it\/wp-json\/wp\/v2\/pages"}],"about":[{"href":"https:\/\/www.mecspebari.it\/it\/wp-json\/wp\/v2\/types\/page"}],"author":[{"embeddable":true,"href":"https:\/\/www.mecspebari.it\/it\/wp-json\/wp\/v2\/users\/23"}],"replies":[{"embeddable":true,"href":"https:\/\/www.mecspebari.it\/it\/wp-json\/wp\/v2\/comments?post=3077"}],"version-history":[{"count":4,"href":"https:\/\/www.mecspebari.it\/it\/wp-json\/wp\/v2\/pages\/3077\/revisions"}],"predecessor-version":[{"id":8682,"href":"https:\/\/www.mecspebari.it\/it\/wp-json\/wp\/v2\/pages\/3077\/revisions\/8682"}],"wp:featuredmedia":[{"embeddable":true,"href":"https:\/\/www.mecspebari.it\/it\/wp-json\/wp\/v2\/media\/3642"}],"wp:attachment":[{"href":"https:\/\/www.mecspebari.it\/it\/wp-json\/wp\/v2\/media?parent=3077"}],"curies":[{"name":"wp","href":"https:\/\/api.w.org\/{rel}","templated":true}]}}