{"id":30,"date":"2018-12-20T09:30:05","date_gmt":"2018-12-20T09:30:05","guid":{"rendered":"https:\/\/www.mecspebari.it\/?page_id=30"},"modified":"2025-05-14T14:08:10","modified_gmt":"2025-05-14T14:08:10","slug":"organizza-la-tua-visita","status":"publish","type":"page","link":"https:\/\/www.mecspebari.it\/it\/organizza-la-tua-visita\/","title":{"rendered":"Quartiere fieristico"},"content":{"rendered":"[vc_row equal_height=&#8221;yes&#8221; el_class=&#8221;my-1&#8243;][vc_column][vc_row_inner equal_height=&#8221;yes&#8221; content_placement=&#8221;top&#8221;][vc_column_inner el_class=&#8221;py-lg-2 px-lg-5&#8243; width=&#8221;2\/3&#8243;][vc_column_text]\n<h2>Fiera del Levante<\/h2>\n<p class=\"subtitle\">La posizione strategica: una grande vetrina Europea<\/p>\n<p>La <strong>Fiera del Levante<\/strong> \u00e8 un vero e proprio quartiere cittadino degli affari e della tecnologia. Posizionata sul lungomare di Bari \u00e8 costante <strong>riferimento per tutto il sistema economico del mediterraneo<\/strong>. Arricchita dal fascino di Bari, una realt\u00e0 europea, tra storia, cultura e gastronomia.<\/p>\n<p><strong>Da oltre 80 anni<\/strong> ospita importanti manifestazioni fieristiche. Oggi, su una superficie totale di circa <strong>280.000 metri quadrati<\/strong>, \u00e8 un vero e proprio <strong>quartiere degli affari, della cultura, della tecnologia<\/strong> ed un grande <strong>punto di riferimento<\/strong> per tutto il <strong>sistema economico mediterraneo<\/strong>.<\/p>\n<p>La Fiera del Levante \u00e8 ubicata in <strong>posizione strategica, sul lungomare di Bari, nei pressi del Porto<\/strong>.[\/vc_column_text][vc_column_text]\n<h3><\/h3>\n<h3>Nuova Fiera del Levante, nel cuore di un grande mercato su cui contare<\/h3>\n<p>In tutta la Puglia potete contare su una grande capacit\u00e0 ricettiva, in quanto terra di grande ospitalit\u00e0, grazie a strutture che offrono servizi di ottima qualit\u00e0 e prezzi competitivi e la pi\u00f9 calda accoglienza possibile.<\/p>\n<p>Oltre <strong>4 milioni di abitanti<\/strong>, <strong>18 distretti produttivi<\/strong>, efficienti <strong>collegamenti marittimi, aeroportuali, stradali e ferroviari<\/strong>. La Puglia \u00e8 un luogo davvero perfetto per ospitare business. La Nuova Fiera del Levante \u00e8 <strong>punto di riferimento per il centro-sud Italia e per tutta l\u2019area del Mediterraneo.<\/strong><\/p>\n<p>La Nuova Fiera del Levante si affaccia su un grande mercato naturale che, avendo Bari come epicentro, si allarga alla Puglia per estendersi alle regioni limitrofe ed ai Paesi mediterranei di prossimit\u00e0, con i quali sono fitte e consolidate le relazioni commerciali.<\/p>\n<p><a class=\"btn btn-lg btn-primary my-1\" href=\"\/it\/contatti\">Richiedi informazioni<\/a>[\/vc_column_text][\/vc_column_inner][vc_column_inner el_class=&#8221;p-1 p-sm-3 p-lg-4 bg-darker&#8221; width=&#8221;1\/3&#8243;][vc_column_text]\n<h3 class=\"mt-0\">Informazioni<\/h3>\n[\/vc_column_text][vc_wp_custommenu nav_menu=&#8221;6&#8243;][\/vc_column_inner][\/vc_row_inner][\/vc_column][\/vc_row][vc_row equal_height=&#8221;yes&#8221; el_class=&#8221;my-1 bg-gray&#8221;][vc_column offset=&#8221;vc_col-md-offset-2 vc_col-md-8&#8243; el_class=&#8221;p-1 p-sm-3 p-lg-4&#8243;][vc_column_text]\n<h2 style=\"text-align: center\">Location<\/h2>\n[\/vc_column_text][vc_column_text]\n<h3 style=\"text-align: center\">Fiera del Levante, Lungomare Starita, 4 70132 BARI<\/h3>\n[\/vc_column_text][vc_row_inner][vc_column_inner][vc_single_image image=&#8221;6179&#8243; img_size=&#8221;full&#8221; alignment=&#8221;center&#8221;][\/vc_column_inner][\/vc_row_inner][vc_column_text el_class=&#8221;text-center&#8221;]\n<h4 style=\"text-align: left\"><strong>Il nuovo padiglione<\/strong><\/h4>\n<p style=\"text-align: left\">Comodamente raggiungibile sia dall\u2019Ingresso Edilizia che da quello Orientale, il Nuovo Padiglione \u00e8 un\u00a0<strong>gioiello architettonico contemporaneo<\/strong>\u00a0dallo spazio espositivo polifunzionale, caratterizzato dal top dei servizi e delle dotazioni tecnologiche.<br \/>\nIl tutto nel rispetto dell\u2019ambiente, grazie ad un avanguardistico impianto fotovoltaico che lo rende\u00a0<strong>autosufficiente dal punto di vista energetico<\/strong>.[\/vc_column_text][vc_column_text el_class=&#8221;text-center&#8221;]\n<h4 style=\"text-align: left\"><strong>Gli spazi esterni<\/strong><\/h4>\n<p style=\"text-align: left\"><strong>Grandi superfici esterne<\/strong>, ideali per accogliere esposizioni \u201cen plein air\u201d: dai grandi macchinari al giardinaggio, dalle piscine ai prefabbricati, queste aree da sempre hanno ospitato e valorizzato le presentazioni di moltissime categorie merceologiche da esterni.<\/p>\n[\/vc_column_text][vc_column_text el_class=&#8221;text-center&#8221;]\n<h4 style=\"text-align: left\"><strong>Il Centro Congressi<\/strong><\/h4>\n<p style=\"text-align: left\">Il <strong>Centro Congressi<\/strong> della Fiera del Levante, il pi\u00f9 grande centro congressi del Mediterraneo.<\/p>\n<p style=\"text-align: left\"><strong>30.000 mq<\/strong>\u00a0con parete mobile, per assicurare la massima flessibilit\u00e0;\u00a0<strong>24 spazi multifunzionali<\/strong>, con soluzioni modulari per grandi eventi; fino a 4.000 posti a platea;\u00a0<strong>full service<\/strong>, il top dell&#8217;organizzazione congressi.<\/p>\n<p><a href=\"https:\/\/www.youtube.com\/watch?v=0dggp8-zTGs\" target=\"_blank\" rel=\"noopener noreferrer\"><img decoding=\"async\" loading=\"lazy\" class=\"wp-image-2183 alignleft\" src=\"\/public\/uploads\/sites\/13\/Video-Fiera-del-Levante_congressi.png\" alt=\"\" width=\"397\" height=\"224\" \/><\/a><\/p>\n<p>&nbsp;<\/p>\n<p>&nbsp;<\/p>\n<p>&nbsp;<\/p>\n<p>&nbsp;<\/p>\n<p>&nbsp;<\/p>\n<p>&nbsp;<\/p>\n<p>&nbsp;<\/p>\n<p style=\"text-align: left\"><a href=\"https:\/\/www.youtube.com\/watch?v=0dggp8-zTGs\" target=\"_blank\" rel=\"noopener noreferrer\">Scopri il centro congressi \u00bb<\/a><\/p>\n[\/vc_column_text][\/vc_column][\/vc_row]\n","protected":false},"excerpt":{"rendered":"<p>[vc_row equal_height=&#8221;yes&#8221; el_class=&#8221;my-1&#8243;][vc_column][vc_row_inner equal_height=&#8221;yes&#8221; content_placement=&#8221;top&#8221;][vc_column_inner el_class=&#8221;py-lg-2 px-lg-5&#8243; width=&#8221;2\/3&#8243;][vc_column_text] Fiera del Levante La posizione strategica: una grande vetrina Europea La Fiera del Levante \u00e8 un vero e proprio quartiere cittadino degli affari e della tecnologia. Posizionata sul lungomare di Bari \u00e8 costante riferimento per tutto il sistema economico del mediterraneo. Arricchita dal fascino di Bari, una [&hellip;]<\/p>\n","protected":false},"author":1,"featured_media":220,"parent":0,"menu_order":0,"comment_status":"closed","ping_status":"closed","template":"","meta":[],"acf":[],"aioseo_notices":[],"_links":{"self":[{"href":"https:\/\/www.mecspebari.it\/it\/wp-json\/wp\/v2\/pages\/30"}],"collection":[{"href":"https:\/\/www.mecspebari.it\/it\/wp-json\/wp\/v2\/pages"}],"about":[{"href":"https:\/\/www.mecspebari.it\/it\/wp-json\/wp\/v2\/types\/page"}],"author":[{"embeddable":true,"href":"https:\/\/www.mecspebari.it\/it\/wp-json\/wp\/v2\/users\/1"}],"replies":[{"embeddable":true,"href":"https:\/\/www.mecspebari.it\/it\/wp-json\/wp\/v2\/comments?post=30"}],"version-history":[{"count":4,"href":"https:\/\/www.mecspebari.it\/it\/wp-json\/wp\/v2\/pages\/30\/revisions"}],"predecessor-version":[{"id":7117,"href":"https:\/\/www.mecspebari.it\/it\/wp-json\/wp\/v2\/pages\/30\/revisions\/7117"}],"wp:featuredmedia":[{"embeddable":true,"href":"https:\/\/www.mecspebari.it\/it\/wp-json\/wp\/v2\/media\/220"}],"wp:attachment":[{"href":"https:\/\/www.mecspebari.it\/it\/wp-json\/wp\/v2\/media?parent=30"}],"curies":[{"name":"wp","href":"https:\/\/api.w.org\/{rel}","templated":true}]}}