{"id":6270,"date":"2023-10-31T09:03:06","date_gmt":"2023-10-31T09:03:06","guid":{"rendered":"https:\/\/www.mecspebari.it\/confindustria-bari-bat\/"},"modified":"2025-11-20T16:50:07","modified_gmt":"2025-11-20T16:50:07","slug":"confindustria-puglia","status":"publish","type":"page","link":"https:\/\/www.mecspebari.it\/en\/confindustria-puglia\/","title":{"rendered":"CONFINDUSTRIA Puglia"},"content":{"rendered":"[vc_row equal_height=&#8221;yes&#8221; el_class=&#8221;my-1&#8243;][vc_column][vc_row_inner equal_height=&#8221;yes&#8221; content_placement=&#8221;top&#8221;][vc_column_inner el_class=&#8221;py-lg-2 px-lg-5&#8243; width=&#8221;2\/3&#8243;][vc_column_text]\n<h3>CONFINDUSTRIA PUGLIA<\/h3>\n[\/vc_column_text][vc_text_separator title=&#8221;Hall 30&#8243; i_icon_fontawesome=&#8221;fas fa-map-marker-alt&#8221; i_color=&#8221;custom&#8221; i_background_style=&#8221;rounded&#8221; title_align=&#8221;separator_align_left&#8221; align=&#8221;align_left&#8221; color=&#8221;custom&#8221; add_icon=&#8221;true&#8221; i_custom_color=&#8221;#006838&#8243; accent_color=&#8221;#006838&#8243;][vc_column_text]<strong>Confindustria Puglia<\/strong> is the leading Association representing industrial enterprises in the region, with the mission of effectively advocating for businesses before institutions, safeguarding their interests, and enhancing the value of the various production sectors. It also promotes training and territorial cooperation.<br \/>\nOver the years, Confindustria Puglia has firmly supported the growth and consolidation of MECSPE Bari, emphasizing to local manufacturing companies the strategic importance of participating in prominent trade events such as this one.<br \/>\nFor the 2025 edition, thanks to the collaboration between Confindustria Puglia and MECSPE Trade Fair, a collective of regional companies will once again be present, offering new networking opportunities with partners from the area.<\/p>\n<p>&nbsp;<\/p>\n<p><em>In collaboration with:<\/em>[\/vc_column_text][vc_column_text]<img decoding=\"async\" loading=\"lazy\" class=\"alignnone wp-image-6306 size-medium\" src=\"\/public\/uploads\/sites\/16\/Confindustria-Puglia_768x272-300x106.jpg\" alt=\"\" width=\"300\" height=\"106\" srcset=\"\/public\/uploads\/sites\/16\/Confindustria-Puglia_768x272-300x106.jpg 300w, \/public\/uploads\/sites\/16\/Confindustria-Puglia_768x272.jpg 768w\" sizes=\"(max-width: 300px) 100vw, 300px\" \/>[\/vc_column_text][\/vc_column_inner][vc_column_inner el_class=&#8221;p-1 p-sm-3 p-lg-4 bg-darker&#8221; width=&#8221;1\/3&#8243;][vc_column_text]\n<h3 class=\"mt-0\">Program<\/h3>\n[\/vc_column_text][vc_wp_custommenu nav_menu=&#8221;48&#8243;][\/vc_column_inner][\/vc_row_inner][\/vc_column][\/vc_row][vc_row][vc_column][vc_text_separator title=&#8221;EXHIBITORS&#8221; color=&#8221;custom&#8221; accent_color=&#8221;#006838&#8243;][vc_row_inner][vc_column_inner width=&#8221;1\/5&#8243;][\/vc_column_inner][vc_column_inner width=&#8221;1\/5&#8243;][\/vc_column_inner][vc_column_inner width=&#8221;1\/5&#8243;][vc_column_text]\n<ul>\n<li>ALISEA SRL<\/li>\n<li>DITRO SOLUZIONI PER L\u2019AUTOMAZIONE SRL<\/li>\n<li>LUBRITALIA SPA<\/li>\n<li>MASMEC SPA<\/li>\n<li>MILL-TURN TECHNOLOGIES S.R.L.S.<\/li>\n<\/ul>\n[\/vc_column_text][\/vc_column_inner][vc_column_inner width=&#8221;1\/5&#8243;][\/vc_column_inner][vc_column_inner width=&#8221;1\/5&#8243;][\/vc_column_inner][\/vc_row_inner][vc_empty_space][vc_row_inner][vc_column_inner width=&#8221;1\/5&#8243;][vc_empty_space height=&#8221;25px&#8221;][vc_single_image image=&#8221;8664&#8243; img_size=&#8221;medium&#8221; alignment=&#8221;center&#8221;][\/vc_column_inner][vc_column_inner width=&#8221;1\/5&#8243;][vc_single_image image=&#8221;8722&#8243; img_size=&#8221;medium&#8221; alignment=&#8221;center&#8221;][\/vc_column_inner][vc_column_inner width=&#8221;1\/5&#8243;][vc_single_image image=&#8221;8718&#8243; img_size=&#8221;medium&#8221; alignment=&#8221;center&#8221;][\/vc_column_inner][vc_column_inner width=&#8221;1\/5&#8243;][vc_single_image image=&#8221;8714&#8243; img_size=&#8221;medium&#8221; alignment=&#8221;center&#8221;][\/vc_column_inner][vc_column_inner width=&#8221;1\/5&#8243;][vc_single_image image=&#8221;8716&#8243; img_size=&#8221;medium&#8221; alignment=&#8221;center&#8221;][\/vc_column_inner][\/vc_row_inner][vc_separator color=&#8221;custom&#8221; accent_color=&#8221;#006838&#8243;][\/vc_column][\/vc_row][vc_row disable_element=&#8221;yes&#8221; el_class=&#8221;py-lg-2 px-lg-5&#8243; css=&#8221;.vc_custom_1700491575631{background-color: #f9f9f9 !important;}&#8221;][vc_column][vc_empty_space][vc_row_inner][vc_column_inner][vc_column_text]\n<h4 style=\"text-align: center\">Le parole di Cesare Pierpaolo De Palma, Presidente della Sezione Meccanica Confindustria Bari BAT \u2013 Amministratore di De Palma Thermofluid \u2013 Componente Consiglio di Amministrazione presso Politecnico di Bari<\/h4>\n[\/vc_column_text][\/vc_column_inner][\/vc_row_inner][vc_row_inner][vc_column_inner width=&#8221;1\/3&#8243;][vc_single_image image=&#8221;4811&#8243; img_size=&#8221;&#8221; alignment=&#8221;center&#8221; style=&#8221;vc_box_shadow_border_circle_2&#8243;][\/vc_column_inner][vc_column_inner width=&#8221;2\/3&#8243;][vc_empty_space height=&#8221;20px&#8221;][vc_column_text]<em>\u201c<strong>Il MECSPE Bari \u00e8 una fiera strategica per il sistema industriale pugliese.<\/strong> CONFINDUSTRIA Bari Bat e Confindustria Puglia intendono sostenere la sua crescita e il suo radicamento nei prossimi anni, trasmettendo alle aziende manifatturiere del territorio il messaggio di quanto sia fondamentale avere cura di una vetrina cos\u00ec importante che sia al servizio del loro sviluppo e sostenga la loro crescita. Perch\u00e9 la vera sfida dei prossimi anni e rafforzare il sistema industriale manifatturiero di tutto il nostro Paese, rifuggendo da quelle derive industriali che non creano valore, indotto e ricchezza culturale cos\u00ec come la Metalmeccanica prima e la Meccatronica poi hanno saputo creare in Puglia e in tutto il Sud Italia. Il MecSpe pu\u00f2 arricchire il ruolo di Bari come porta del Mediterraneo, diventare la piazza di incontro con il sistema accademico, il centro di scambio tra fabbisogni e offerta di competenze e diffusione della cultura Steam.\u201d<\/em>[\/vc_column_text][\/vc_column_inner][\/vc_row_inner][\/vc_column][\/vc_row][vc_row equal_height=&#8221;yes&#8221; disable_element=&#8221;yes&#8221; el_class=&#8221;my-1&#8243; el_id=&#8221;programma&#8221;][vc_column][vc_empty_space height=&#8221;64px&#8221;][vc_row_inner][vc_column_inner][vc_column_text]\n<h3 style=\"text-align: center\">Programma convegni<\/h3>\n[\/vc_column_text][vc_empty_space height=&#8221;64px&#8221;][\/vc_column_inner][\/vc_row_inner][vc_row_inner equal_height=&#8221;yes&#8221; content_placement=&#8221;top&#8221;][vc_column_inner el_class=&#8221;py-lg-2 px-lg-3&#8243; width=&#8221;1\/3&#8243;][vc_text_separator title=&#8221;Gioved\u00ec 23 novembre&#8221; i_icon_fontawesome=&#8221;far fa-calendar-alt&#8221; i_color=&#8221;custom&#8221; color=&#8221;custom&#8221; add_icon=&#8221;true&#8221; i_custom_color=&#8221;#006838&#8243; accent_color=&#8221;#006838&#8243;][vc_column_text]<em>14.30 \u2013 16.00<\/em>\u00a0 |\u00a0 <strong>Centro Congressi<\/strong>, Sala <strong>1<\/strong>[\/vc_column_text][vc_toggle title=&#8221;<strong>LA FILIERA DELLA CANTIERISTICA NAVALE TRA INNOVAZIONE E SOSTENIBILIT\u00c0 <\/strong>&#8221; style=&#8221;square_outline&#8221; color=&#8221;green&#8221; custom_font_container=&#8221;tag:div|font_size:20|text_align:left&#8221; custom_use_theme_fonts=&#8221;yes&#8221; use_custom_heading=&#8221;true&#8221;]<em>Abstract<\/em><\/p>\n<p><em>All\u2019interno della cosiddetta blu economy convivono diversi comparti, di nuova e vecchia generazione, ma tutti indistintamente accomunati dall\u2019esigenza di coniugare la produzione alla tutela dell\u2019ambiente, il business alla responsabilit\u00e0 sociale. \u00c8 cos\u00ec che i porti, intesi nelle loro molteplici accezioni e da sempre moltiplicatori di sviluppo, diventano oggi laboratori di sostenibilit\u00e0 applicata e di diversificazione industriale, commerciale e turistica, integrandosi sempre di pi\u00f9 ai centri urbani in cui operano e configurandosi come volano di una crescita naturalmente vocata alle tecnologie di ultima generazione. All\u2019interno di questo complesso scenario, in costante fermento, si muovono realt\u00e0 in frenetica ascesa come la nautica da diporto, fino ad arrivare ai settori di tradizione come la manutenzione navalmeccanica. Realt\u00e0 distinte ma contigue capaci di generare, se messe a sistema, nuove progettualit\u00e0 e nuove logiche di filiera<\/em>[\/vc_toggle][vc_column_text el_class=&#8221;my-1&#8243;]Organizzato da <strong>Confindustria Taranto<\/strong> e <strong>Confindustria Puglia<\/strong><br \/>\nModera: <em><strong>Roberto Morleo<\/strong><\/em> \u2013 Ufficio Stampa Confindustria Taranto[\/vc_column_text][vc_empty_space height=&#8221;5px&#8221;][vc_text_separator title=&#8221;Interventi&#8221; title_align=&#8221;separator_align_left&#8221; align=&#8221;align_left&#8221; color=&#8221;custom&#8221; accent_color=&#8221;#006838&#8243;][vc_column_text el_class=&#8221;my-1&#8243;]<strong>Introduzione<\/strong><br \/>\n<em>Salvatore Toma<\/em>, Presidente Confindustria Taranto[\/vc_column_text][vc_separator][vc_column_text el_class=&#8221;my-1&#8243;]<strong>Cantieristica navale e nautica da diporto. Le opportunit\u00e0 di sviluppo per la filiera<\/strong><br \/>\n<em>Pasquale di Napoli<\/em>, Presidente Sezione Metalmeccanica e Navalmeccanica Confindustria Taranto[\/vc_column_text][vc_separator][vc_column_text el_class=&#8221;my-1&#8243;]<strong>L\u2019idrogeno green per la sostenibilit\u00e0 delle aree portuali<\/strong><br \/>\n<em>Luigi Sergi<\/em> e <em>Fabio Cerino<\/em> \u2013 HydrocracY &#8211; Comes s.p.a.[\/vc_column_text][vc_separator][vc_column_text el_class=&#8221;my-1&#8243;]<strong>Nuove tecnologie per la rilevazione della qualit\u00e0 dell\u2019aria in ambito portuale<\/strong><br \/>\n<em>Fabio Cerino<\/em>\u00a0\u2013 Befreest s.r.l.[\/vc_column_text][vc_separator][vc_column_text el_class=&#8221;my-1&#8243;]<strong>Avanzamento di commessa e rilevamento dei costi da dispositivi mobili<\/strong><br \/>\n<em>Giuseppe D\u2019Al\u00f2<\/em> \u2013 Apulia Software s.r.l.[\/vc_column_text][vc_separator][vc_column_text el_class=&#8221;my-1&#8243;]<strong>Navigare nel futuro: l\u2019impatto della realt\u00e0 aumentata e virtuale nella manutenzione<\/strong><br \/>\n<em>Paolo Sabatino<\/em> \u2013 Errepi Net S.r.l.[\/vc_column_text][vc_separator][vc_column_text el_class=&#8221;my-1&#8243;]<strong>Dal paradigma 4.0 al 5.0: l\u2019impronta ESG nel WMS (Warehouse Management System) per il settore nautico<\/strong><br \/>\n<em>Fabrizio Bolli<\/em> \u2013 Qualitas Informatica S.p.A.[\/vc_column_text][vc_separator][vc_column_text]\n<p style=\"text-align: center\"><a class=\"btn btn-lg btn-primary my-1\" href=\"https:\/\/www.mecspebari.it\/\/public\/uploads\/sites\/16\/23-11-24_Cantieristica-Navale.pdf\" target=\"_blank\" rel=\"noopener\">Scarica la locandina<\/a><\/p>\n[\/vc_column_text][\/vc_column_inner][vc_column_inner el_class=&#8221;py-lg-2 px-lg-3 bg-gray&#8221; width=&#8221;1\/3&#8243;][vc_text_separator title=&#8221;Venerd\u00ec 24 novembre&#8221; i_icon_fontawesome=&#8221;far fa-calendar-alt&#8221; i_color=&#8221;custom&#8221; color=&#8221;custom&#8221; add_icon=&#8221;true&#8221; i_custom_color=&#8221;#006838&#8243; accent_color=&#8221;#006838&#8243;][vc_column_text]<em>10.30 \u2013 13.00<\/em>\u00a0 |\u00a0 <strong>Centro Congressi<\/strong>, Sala <strong>1<\/strong>[\/vc_column_text][vc_toggle title=&#8221;<strong>L\u2019INDUSTRIA CHE NON TI ASPETTI<\/strong>&#8221; style=&#8221;square_outline&#8221; color=&#8221;green&#8221; custom_font_container=&#8221;tag:div|font_size:20|text_align:left&#8221; custom_use_theme_fonts=&#8221;yes&#8221; use_custom_heading=&#8221;true&#8221;]<em>Abstract<\/em><\/p>\n<p><em>&#8220;L\u2019industria che non ti aspetti&#8221; \u00e8 il convegno organizzato da Federmeccanica e Confindustria Puglia il 24 novembre 2023 presso la Fiera del Levante di Bari, nella cornice del Mecspe Bari.<br \/>\nL\u2019evento partir\u00e0 da un\u2019interessante indagine svolta per Federmeccanica sulla visione del lavoro dei giovani, da cui la fabbrica emerge come un luogo giudicato obsoleto e distante dalle loro aspirazioni professionali. Nell\u2019immaginario dei giovani l\u2019industria non \u00e8 n\u00e9 un approdo ideale degli studi n\u00e9 un ambiente al passo con i tempi.<br \/>\nIl convegno punta a sfatare queste impressioni, raccontando una realt\u00e0 diversa, fatta di imprese evolute, digitali, innovative, dove i giovani possono ricoprire un ruolo da protagonisti dei processi e delle tecnologie.<br \/>\n<\/em>[\/vc_toggle][vc_column_text el_class=&#8221;my-1&#8243;]Organizzato da <strong>Federmeccanica \u2013 Confindustria Puglia<br \/>\n<\/strong>Modera: <em><strong>Giancarlo Fiume<\/strong><\/em> \u2013 Caporedattore TGR Rai Puglia[\/vc_column_text][vc_empty_space height=&#8221;5px&#8221;][vc_text_separator title=&#8221;Interventi&#8221; title_align=&#8221;separator_align_left&#8221; align=&#8221;align_left&#8221; color=&#8221;custom&#8221; accent_color=&#8221;#006838&#8243;][vc_column_text el_class=&#8221;my-1&#8243;]<strong>Saluti istituzionali<\/strong><br \/>\n<em>Daniela Vinci<\/em>, Vicepresidente Federmeccanica con delega alla promozione della meccanica\/meccatronica nel Sud Italia e CEO Masmec<br \/>\n<em>Ivo Nardella<\/em>, Presidente Senaf &#8211; Gruppo Tecniche Nuove<br \/>\n<em>Cesare Pierpaolo De Palma<\/em>, Coordinatore Gruppo Tecnico Education Confindustria Puglia e Presidente Sezione Meccanica, Elettrica ed Elettronica Confindustria Bari e BAT[\/vc_column_text][vc_separator color=&#8221;custom&#8221; accent_color=&#8221;#e7e7e7&#8243;][vc_column_text el_class=&#8221;my-1&#8243;]<strong>Cosa pensano i giovani dell\u2019industria<\/strong><br \/>\n<em>Stefano Franchi<\/em>, Direttore generale Federmeccanica[\/vc_column_text][vc_separator color=&#8221;custom&#8221; accent_color=&#8221;#e7e7e7&#8243;][vc_column_text el_class=&#8221;my-1&#8243;]<strong>Tavola Rotonda<\/strong><br \/>\n<em>Francesco Cupertino<\/em>, Rettore Politecnico di Bari<br \/>\n<em>Corrado La Forgia, <\/em>Vicepresidente Federmeccanica con delega alla transizione tecnologica ed ecologica e Direttore generale Vhit<br \/>\n<em>Roberto Marti, <\/em>CEO Isopharma Cosmetics e Presidente Piccola Industria Lecce<br \/>\n<em>Alessandro Saponaro, <\/em>Dirigente Centro combustione ambiente<br \/>\n<em>Lucia Scattarelli, <\/em>Presidente Fondazione ITS &#8220;A. Cuccovillo&#8221;<br \/>\n<em>Luciano Stornelli, <\/em>Direttore Generale Master Italy[\/vc_column_text][vc_separator color=&#8221;custom&#8221; accent_color=&#8221;#e7e7e7&#8243;][vc_column_text]\n<p style=\"text-align: center\"><a class=\"btn btn-lg btn-primary my-1\" href=\"https:\/\/www.mecspebari.it\/\/public\/uploads\/sites\/16\/Industria-che-non-ti-aspetti_Programma-mobile.pdf\" target=\"_blank\" rel=\"noopener\">Scarica la locandina<\/a><\/p>\n[\/vc_column_text][\/vc_column_inner][vc_column_inner el_class=&#8221;py-lg-2 px-lg-3&#8243; width=&#8221;1\/3&#8243;][vc_text_separator title=&#8221;Venerd\u00ec 24 novembre&#8221; i_icon_fontawesome=&#8221;far fa-calendar-alt&#8221; i_color=&#8221;custom&#8221; color=&#8221;custom&#8221; add_icon=&#8221;true&#8221; i_custom_color=&#8221;#006838&#8243; accent_color=&#8221;#006838&#8243;][vc_column_text]<em>15.30 \u2013 17.30<\/em>\u00a0 |\u00a0 Padiglione <strong>20<\/strong>, Arena <strong>B<\/strong>[\/vc_column_text][vc_toggle title=&#8221;<strong>OTTIMIZZAZIONE OPERATIVA: UN PASSO AVANTI VERSO L\u2019ECCELLENZA PRODUTTIVA NELLE PMI<\/strong>&#8221; style=&#8221;square_outline&#8221; color=&#8221;green&#8221; custom_font_container=&#8221;tag:div|font_size:20|text_align:left&#8221; custom_use_theme_fonts=&#8221;yes&#8221; use_custom_heading=&#8221;true&#8221;]<em>Abstract<\/em><\/p>\n<p><em>L&#8217;obiettivo di questo evento \u00e8 fornire alle aziende di produzione un&#8217;opportunit\u00e0 di apprendere le migliori pratiche per migliorare l&#8217;efficienza operativa e raggiungere livelli pi\u00f9 elevati di produttivit\u00e0. Gli esperti condivideranno conoscenze e strategie per ottimizzare processi, ridurre sprechi.<\/em>[\/vc_toggle][vc_empty_space height=&#8221;5px&#8221;][vc_text_separator title=&#8221;Interventi&#8221; title_align=&#8221;separator_align_left&#8221; align=&#8221;align_left&#8221; color=&#8221;custom&#8221; accent_color=&#8221;#006838&#8243;][vc_column_text el_class=&#8221;my-1&#8243;]<strong>Introduzione<\/strong><br \/>\nCesare de Palma, Presidente Sez. Meccanica, Elettrica e Elettronica \u2013 Confindustria Bari e Bat[\/vc_column_text][vc_separator][vc_column_text el_class=&#8221;my-1&#8243;]<strong>Metodi di Ottimizzazione dei Processi di Produzione<\/strong><br \/>\n<em>Ing. Franco Mercieri<\/em>, Consulente senior[\/vc_column_text][vc_separator][vc_column_text el_class=&#8221;my-1&#8243;]<strong>Tecnologie Avanzate per il Monitoraggio e il Controllo della Produzione &#8220;il M.E.S. BeeProd&#8221;<\/strong><br \/>\n<em>Dott. Giosef Perricci<\/em>, CEO \u2013 Upnova Group S.r.l.[\/vc_column_text][vc_separator][vc_column_text el_class=&#8221;my-1&#8243;]<strong>Accademia della Meccanica \u2013 Il modello IFTS: \u201cuno strumento di successo\u201d<\/strong><br \/>\n<em>Gianbartolo Barberio<\/em>, Team di direzione \u2013 IFOA[\/vc_column_text][vc_separator][vc_column_text el_class=&#8221;my-1&#8243;]<strong>Caso di successo SEFA<\/strong><br \/>\n<em>Lino Serrone<\/em>, Responsabile di produzione \u2013 SEFA[\/vc_column_text][vc_separator][vc_column_text el_class=&#8221;my-1&#8243;]<strong>Dalla progettazione alla preventivazione con le pi\u00f9 avanzate soluzioni di costificazione: come migliorare l\u2019efficienza produttiva in ottica saving<\/strong><br \/>\nHyperlean[\/vc_column_text][vc_separator][vc_column_text el_class=&#8221;my-1&#8243;]<strong>Macchine innovative e Giovani Generazioni, un binomio perfetto per l&#8217;ottimizzazione dei processi produttivi<\/strong><br \/>\n<em>Marco Lacedra<\/em>, CEO \u2013 Lara Industry[\/vc_column_text][vc_separator][vc_column_text el_class=&#8221;my-1&#8243;]<strong>La finanziabilit\u00e0 dei nuovi investimenti in efficienza produttiva<\/strong><br \/>\n<em>Gaetano Mesto<\/em>, CDA \u2013 Puglia Sviluppo[\/vc_column_text][vc_separator][vc_column_text el_class=&#8221;my-1&#8243;]<strong>La pianificazione di produzione per la crescita dell&#8217;azienda<\/strong><br \/>\n<em>Giuseppe Scaramuzzi<\/em>, responsabile marketing \u2013 Mv Line S.p.A<br \/>\n<em>Vincenzo Ignazzi<\/em>, Responsabile commerciale \u2013 Ignalat S.r.l.<br \/>\n<em>Giuseppe Pinto<\/em>, CEO \u2013 ITI PRO S.r.l.[\/vc_column_text][vc_separator][vc_column_text el_class=&#8221;my-1&#8243;]<strong>Networking e Sessioni Interattive<\/strong><br \/>\nConfindustria Bari Bat[\/vc_column_text][vc_separator][vc_column_text]\n<p style=\"text-align: center\"><a class=\"btn btn-lg btn-primary my-1\" href=\"https:\/\/www.mecspebari.it\/\/public\/uploads\/sites\/16\/23.11.24_-ore-15.30_-Ottimizzazione-Operativa.pdf\" target=\"_blank\" rel=\"noopener\">Scarica la locandina<\/a><\/p>\n[\/vc_column_text][\/vc_column_inner][\/vc_row_inner][\/vc_column][\/vc_row][vc_row disable_element=&#8221;yes&#8221;][vc_column][vc_message message_box_color=&#8221;alert-warning&#8221; icon_fontawesome=&#8221;fas fa-angle-double-right&#8221;]\n<p style=\"text-align: center\"><em><span style=\"font-size: 18px;line-height: 22px\">Per qualsiasi dubbio o informazione contattate il nostro Help Desk Visitatori <strong>02.89362525<\/strong><\/span><\/em><\/p>\n[\/vc_message][\/vc_column][\/vc_row]\n","protected":false},"excerpt":{"rendered":"<p>[vc_row equal_height=&#8221;yes&#8221; el_class=&#8221;my-1&#8243;][vc_column][vc_row_inner equal_height=&#8221;yes&#8221; content_placement=&#8221;top&#8221;][vc_column_inner el_class=&#8221;py-lg-2 px-lg-5&#8243; width=&#8221;2\/3&#8243;][vc_column_text] CONFINDUSTRIA PUGLIA [\/vc_column_text][vc_text_separator title=&#8221;Hall 30&#8243; i_icon_fontawesome=&#8221;fas fa-map-marker-alt&#8221; i_color=&#8221;custom&#8221; i_background_style=&#8221;rounded&#8221; title_align=&#8221;separator_align_left&#8221; align=&#8221;align_left&#8221; color=&#8221;custom&#8221; add_icon=&#8221;true&#8221; i_custom_color=&#8221;#006838&#8243; accent_color=&#8221;#006838&#8243;][vc_column_text]Confindustria Puglia is the leading Association representing industrial enterprises in the region, with the mission of effectively advocating for businesses before institutions, safeguarding their interests, and enhancing the value of the various production [&hellip;]<\/p>\n","protected":false},"author":33,"featured_media":6311,"parent":0,"menu_order":0,"comment_status":"closed","ping_status":"closed","template":"","meta":[],"acf":[],"aioseo_notices":[],"_links":{"self":[{"href":"https:\/\/www.mecspebari.it\/en\/wp-json\/wp\/v2\/pages\/6270"}],"collection":[{"href":"https:\/\/www.mecspebari.it\/en\/wp-json\/wp\/v2\/pages"}],"about":[{"href":"https:\/\/www.mecspebari.it\/en\/wp-json\/wp\/v2\/types\/page"}],"author":[{"embeddable":true,"href":"https:\/\/www.mecspebari.it\/en\/wp-json\/wp\/v2\/users\/33"}],"replies":[{"embeddable":true,"href":"https:\/\/www.mecspebari.it\/en\/wp-json\/wp\/v2\/comments?post=6270"}],"version-history":[{"count":4,"href":"https:\/\/www.mecspebari.it\/en\/wp-json\/wp\/v2\/pages\/6270\/revisions"}],"predecessor-version":[{"id":8869,"href":"https:\/\/www.mecspebari.it\/en\/wp-json\/wp\/v2\/pages\/6270\/revisions\/8869"}],"wp:featuredmedia":[{"embeddable":true,"href":"https:\/\/www.mecspebari.it\/en\/wp-json\/wp\/v2\/media\/6311"}],"wp:attachment":[{"href":"https:\/\/www.mecspebari.it\/en\/wp-json\/wp\/v2\/media?parent=6270"}],"curies":[{"name":"wp","href":"https:\/\/api.w.org\/{rel}","templated":true}]}}